{"id":1130,"date":"2023-03-29T10:27:11","date_gmt":"2023-03-29T08:27:11","guid":{"rendered":"https:\/\/www.kobes.sk\/galeria\/"},"modified":"2025-12-16T08:07:48","modified_gmt":"2025-12-16T07:07:48","slug":"galerie","status":"publish","type":"page","link":"https:\/\/www.kobes.sk\/de\/galerie\/","title":{"rendered":"Galerie"},"content":{"rendered":"[vc_row type=&#8220;full_width_background&#8220; full_screen_row_position=&#8220;middle&#8220; column_margin=&#8220;default&#8220; column_direction=&#8220;default&#8220; column_direction_tablet=&#8220;default&#8220; column_direction_phone=&#8220;default&#8220; bg_image=&#8220;2207&#8243; bg_position=&#8220;left top&#8220; background_image_loading=&#8220;default&#8220; bg_repeat=&#8220;no-repeat&#8220; scene_position=&#8220;center&#8220; top_padding=&#8220;120&#8243; bottom_padding=&#8220;400&#8243; top_padding_tablet=&#8220;20&#8243; bottom_padding_tablet=&#8220;130&#8243; text_color=&#8220;light&#8220; text_align=&#8220;left&#8220; row_border_radius=&#8220;none&#8220; row_border_radius_applies=&#8220;bg&#8220; zindex=&#8220;100&#8243; overflow=&#8220;visible&#8220; class=&#8220;main-section&#8220; color_overlay=&#8220;rgba(0,0,0,0.78)&#8220; advanced_gradient_angle=&#8220;0&#8243; overlay_strength=&#8220;0.3&#8243; gradient_direction=&#8220;radial&#8220; shape_divider_position=&#8220;bottom&#8220; bg_image_animation=&#8220;none&#8220; shape_type=&#8220;&#8220; gradient_type=&#8220;default&#8220;][vc_column column_padding=&#8220;no-extra-padding&#8220; column_padding_tablet=&#8220;inherit&#8220; column_padding_phone=&#8220;inherit&#8220; column_padding_position=&#8220;top-bottom&#8220; column_element_direction_desktop=&#8220;default&#8220; column_element_spacing=&#8220;0px&#8220; desktop_text_alignment=&#8220;default&#8220; tablet_text_alignment=&#8220;default&#8220; phone_text_alignment=&#8220;default&#8220; background_color_opacity=&#8220;1&#8243; background_hover_color_opacity=&#8220;1&#8243; column_backdrop_filter=&#8220;none&#8220; column_shadow=&#8220;none&#8220; column_border_radius=&#8220;none&#8220; column_link_target=&#8220;_self&#8220; column_position=&#8220;static&#8220; advanced_gradient_angle=&#8220;0&#8243; gradient_direction=&#8220;left_to_right&#8220; overlay_strength=&#8220;0.3&#8243; width=&#8220;1\/1&#8243; tablet_width_inherit=&#8220;default&#8220; animation_type=&#8220;default&#8220; bg_image_animation=&#8220;none&#8220; border_type=&#8220;simple&#8220; column_border_width=&#8220;none&#8220; column_border_style=&#8220;solid&#8220; gradient_type=&#8220;default&#8220; column_padding_type=&#8220;default&#8220;][vc_row_inner column_margin=&#8220;none&#8220; column_direction=&#8220;default&#8220; column_direction_tablet=&#8220;default&#8220; column_direction_phone=&#8220;default&#8220; text_align=&#8220;left&#8220; row_position=&#8220;default&#8220; row_position_tablet=&#8220;inherit&#8220; row_position_phone=&#8220;inherit&#8220; zindex=&#8220;10&#8243; overflow=&#8220;visible&#8220; pointer_events=&#8220;all&#8220;][vc_column_inner column_padding=&#8220;no-extra-padding&#8220; column_padding_tablet=&#8220;inherit&#8220; column_padding_phone=&#8220;inherit&#8220; column_padding_position=&#8220;all&#8220; column_element_direction_desktop=&#8220;default&#8220; column_element_direction_tablet=&#8220;horizontal&#8220; column_element_direction_phone=&#8220;horizontal&#8220; column_element_spacing=&#8220;default&#8220; desktop_text_alignment=&#8220;default&#8220; tablet_text_alignment=&#8220;default&#8220; phone_text_alignment=&#8220;default&#8220; background_color_opacity=&#8220;1&#8243; background_hover_color_opacity=&#8220;1&#8243; column_backdrop_filter=&#8220;none&#8220; column_shadow=&#8220;none&#8220; column_border_radius=&#8220;none&#8220; column_link_target=&#8220;_self&#8220; overflow=&#8220;visible&#8220; advanced_gradient_angle=&#8220;0&#8243; gradient_direction=&#8220;left_to_right&#8220; overlay_strength=&#8220;0.3&#8243; width=&#8220;2\/3&#8243; tablet_width_inherit=&#8220;default&#8220; animation_type=&#8220;default&#8220; bg_image_animation=&#8220;none&#8220; border_type=&#8220;simple&#8220; column_border_width=&#8220;none&#8220; column_border_style=&#8220;solid&#8220; gradient_type=&#8220;default&#8220; column_padding_type=&#8220;default&#8220;][split_line_heading animation_type=&#8220;line-reveal-by-space&#8220; font_style=&#8220;h1&#8243; line_reveal_by_space_text_effect=&#8220;default&#8220; stagger_animation=&#8220;true&#8220; mobile_disable_animation=&#8220;true&#8220; content_alignment=&#8220;left&#8220; mobile_content_alignment=&#8220;inherit&#8220; link_target=&#8220;_self&#8220; text_content=&#8220;Galerie&#8220; animation_delay=&#8220;150&#8243; max_width=&#8220;550&#8243;][\/split_line_heading][nectar_cta btn_style=&#8220;underline&#8220; heading_tag=&#8220;h5&#8243; button_color=&#8220;default&#8220; text_color=&#8220;rgba(255,255,255,0.75)&#8220; button_border_thickness=&#8220;0px&#8220; link_type=&#8220;regular&#8220; alignment=&#8220;left&#8220; alignment_tablet=&#8220;default&#8220; alignment_phone=&#8220;default&#8220; display=&#8220;block&#8220; display_tablet=&#8220;inherit&#8220; display_phone=&#8220;inherit&#8220; icon_family=&#8220;none&#8220; link_text=&#8220;MEHR ERFAHREN&#8220; url=&#8220;#mehr&#8220; margin_top=&#8220;20&#8243; font_size_desktop=&#8220;15px&#8220;][\/vc_column_inner][vc_column_inner column_padding=&#8220;no-extra-padding&#8220; column_padding_tablet=&#8220;inherit&#8220; column_padding_phone=&#8220;inherit&#8220; column_padding_position=&#8220;all&#8220; column_element_direction_desktop=&#8220;default&#8220; column_element_spacing=&#8220;default&#8220; desktop_text_alignment=&#8220;default&#8220; tablet_text_alignment=&#8220;default&#8220; phone_text_alignment=&#8220;default&#8220; background_color_opacity=&#8220;1&#8243; background_hover_color_opacity=&#8220;1&#8243; column_backdrop_filter=&#8220;none&#8220; column_shadow=&#8220;none&#8220; column_border_radius=&#8220;none&#8220; column_link_target=&#8220;_self&#8220; overflow=&#8220;visible&#8220; gradient_direction=&#8220;left_to_right&#8220; overlay_strength=&#8220;0.3&#8243; width=&#8220;1\/3&#8243; tablet_width_inherit=&#8220;default&#8220; animation_type=&#8220;default&#8220; bg_image_animation=&#8220;none&#8220; border_type=&#8220;simple&#8220; column_border_width=&#8220;none&#8220; column_border_style=&#8220;solid&#8220;][split_line_heading animation_type=&#8220;line-reveal-by-space&#8220; font_style=&#8220;p&#8220; line_reveal_by_space_text_effect=&#8220;default&#8220; mobile_disable_animation=&#8220;true&#8220; content_alignment=&#8220;left&#8220; mobile_content_alignment=&#8220;inherit&#8220; link_target=&#8220;_self&#8220; text_content=&#8220;In unserer n\u00e4chsten Galerie stellen wir kurz unsere drei Hauptaktivit\u00e4ten vor: Schwei\u00dfschule, Produktion und Montagearbeiten. Wenn Sie mehr von unserer Arbeit sehen m\u00f6chten, z\u00f6gern Sie nicht, uns zu kontaktieren. Gerne senden wir Ihnen unsere Firmenbrosch\u00fcre zu.&#8220; animation_delay=&#8220;150&#8243;][\/split_line_heading][\/vc_column_inner][\/vc_row_inner][\/vc_column][\/vc_row][vc_row type=&#8220;full_width_background&#8220; full_screen_row_position=&#8220;middle&#8220; column_margin=&#8220;default&#8220; column_direction=&#8220;default&#8220; column_direction_tablet=&#8220;default&#8220; column_direction_phone=&#8220;default&#8220; scene_position=&#8220;center&#8220; text_color=&#8220;dark&#8220; text_align=&#8220;left&#8220; row_border_radius=&#8220;none&#8220; row_border_radius_applies=&#8220;bg&#8220; overflow=&#8220;visible&#8220; overlay_strength=&#8220;0.3&#8243; gradient_direction=&#8220;left_to_right&#8220; shape_divider_position=&#8220;bottom&#8220; bg_image_animation=&#8220;none&#8220; gradient_type=&#8220;default&#8220; shape_type=&#8220;&#8220;][vc_column column_padding=&#8220;no-extra-padding&#8220; column_padding_tablet=&#8220;inherit&#8220; column_padding_phone=&#8220;inherit&#8220; column_padding_position=&#8220;all&#8220; top_margin=&#8220;-350&#8243; top_margin_tablet=&#8220;-100&#8243; column_element_direction_desktop=&#8220;default&#8220; column_element_spacing=&#8220;default&#8220; desktop_text_alignment=&#8220;default&#8220; tablet_text_alignment=&#8220;default&#8220; phone_text_alignment=&#8220;default&#8220; background_color_opacity=&#8220;1&#8243; background_hover_color_opacity=&#8220;1&#8243; background_image=&#8220;2203&#8243; background_image_position=&#8220;center bottom&#8220; background_image_stacking=&#8220;default&#8220; enable_bg_scale=&#8220;true&#8220; background_image_loading=&#8220;default&#8220; column_backdrop_filter=&#8220;none&#8220; column_shadow=&#8220;none&#8220; column_border_radius=&#8220;15px&#8220; column_link_target=&#8220;_self&#8220; column_position=&#8220;default&#8220; gradient_direction=&#8220;left_to_right&#8220; overlay_strength=&#8220;0.3&#8243; width=&#8220;1\/1&#8243; tablet_width_inherit=&#8220;default&#8220; animation_type=&#8220;default&#8220; bg_image_animation=&#8220;none&#8220; border_type=&#8220;simple&#8220; column_border_width=&#8220;none&#8220; column_border_style=&#8220;solid&#8220; column_padding_type=&#8220;default&#8220; gradient_type=&#8220;default&#8220;][divider line_type=&#8220;No Line&#8220; custom_height=&#8220;60vh&#8220; custom_height_tablet=&#8220;40vh&#8220;][\/vc_column][\/vc_row][vc_row type=&#8220;full_width_background&#8220; full_screen_row_position=&#8220;middle&#8220; column_margin=&#8220;default&#8220; column_direction=&#8220;default&#8220; column_direction_tablet=&#8220;default&#8220; column_direction_phone=&#8220;default&#8220; scene_position=&#8220;center&#8220; top_padding=&#8220;100&#8243; bottom_padding=&#8220;100&#8243; top_padding_tablet=&#8220;40&#8243; constrain_group_3=&#8220;yes&#8220; bottom_padding_tablet=&#8220;40&#8243; text_color=&#8220;dark&#8220; text_align=&#8220;left&#8220; row_border_radius=&#8220;none&#8220; row_border_radius_applies=&#8220;bg&#8220; overflow=&#8220;visible&#8220; id=&#8220;mehr&#8220; overlay_strength=&#8220;0.3&#8243; gradient_direction=&#8220;left_to_right&#8220; shape_divider_position=&#8220;bottom&#8220; bg_image_animation=&#8220;none&#8220; gradient_type=&#8220;default&#8220; shape_type=&#8220;&#8220;][vc_column column_padding=&#8220;no-extra-padding&#8220; column_padding_tablet=&#8220;inherit&#8220; column_padding_phone=&#8220;inherit&#8220; column_padding_position=&#8220;all&#8220; column_element_direction_desktop=&#8220;default&#8220; column_element_spacing=&#8220;default&#8220; desktop_text_alignment=&#8220;default&#8220; tablet_text_alignment=&#8220;default&#8220; phone_text_alignment=&#8220;default&#8220; background_color_opacity=&#8220;1&#8243; background_hover_color_opacity=&#8220;1&#8243; column_backdrop_filter=&#8220;none&#8220; column_shadow=&#8220;none&#8220; column_border_radius=&#8220;none&#8220; column_link_target=&#8220;_self&#8220; column_position=&#8220;default&#8220; gradient_direction=&#8220;left_to_right&#8220; overlay_strength=&#8220;0.3&#8243; width=&#8220;1\/1&#8243; tablet_width_inherit=&#8220;default&#8220; animation_type=&#8220;default&#8220; bg_image_animation=&#8220;none&#8220; border_type=&#8220;simple&#8220; column_border_width=&#8220;none&#8220; column_border_style=&#8220;solid&#8220;][tabbed_section style=&#8220;minimal_flexible&#8220; tab_color=&#8220;Accent-Color&#8220; vs_content_animation=&#8220;fade&#8220; vs_link_animation=&#8220;opacity&#8220; vs_navigation_alignment=&#8220;left&#8220; vs_navigation_width_2=&#8220;25%&#8220; vs_navigation_func=&#8220;default&#8220; vs_navigation_width=&#8220;regular&#8220; vs_navigation_spacing=&#8220;15px&#8220; vs_navigation_mobile_display=&#8220;visible&#8220; vs_tab_spacing=&#8220;5%&#8220; icon_size=&#8220;24&#8243;][tab icon_family=&#8220;none&#8220; title=&#8220;Produktion&#8220; id=&#8220;1743426695628-1&#8243; tab_id=&#8220;1743426695628-10&#8243;][vc_gallery css=&#8220;&#8220; type=&#8220;image_grid&#8220; images=&#8220;2797,2794,2791,2788,2218,2281,2290,2199,1930,2239,2236,2233,2257,2254,2287,999,1001,1003,1063,1055,1049,1009,1011,1013,1015,2121,2118,769,711,713,715,717,719,721,727,729,731,733,735,737,739,741,745,747,749,751,753,757,761,765,767,771,777,781,1059,458,2284,2278,1628,2272,2251,2269,2266,2248,2260,2263,2245,2242,1471,2227,2224,2221&#8243; image_grid_loading=&#8220;default&#8220; layout=&#8220;4&#8243; item_spacing=&#8220;5px&#8220; gallery_style=&#8220;7&#8243; load_in_animation=&#8220;none&#8220; img_size=&#8220;400&#215;300&#8243;][\/tab][tab icon_family=&#8220;none&#8220; title=&#8220;Schwei\u00dfschule&#8220; id=&#8220;1743426695617-2&#8243; tab_id=&#8220;1743426695617-0&#8243;][vc_gallery type=&#8220;image_grid&#8220; images=&#8220;2151,2184,2154,2166,2181,2175,2169,2172,2127,2136,2133,2139,2178,2142,2145,2148,2157,2160,2163,2130,2124,2115,2112,2109,2106,2103,2100,2097,2094,2091,2088&#8243; image_grid_loading=&#8220;default&#8220; layout=&#8220;4&#8243; item_spacing=&#8220;5px&#8220; gallery_style=&#8220;7&#8243; load_in_animation=&#8220;none&#8220; img_size=&#8220;400&#215;300&#8243;][\/tab][tab icon_family=&#8220;none&#8220; title=&#8220;Montagearbeiten&#8220; id=&#8220;1743426695633-1&#8243; tab_id=&#8220;1743426695633-6&#8243;][vc_gallery css=&#8220;&#8220; type=&#8220;image_grid&#8220; images=&#8220;214,1445,215,1439,216,217,218,1432,219,1435,220,221,1443,222,223,224,225,226,227,228,229,230,231,232,233,234,235,236,237,238,239,240,241,242,243,244,245,246,247,371,372,373,374,375,376,377,378,379&#8243; image_grid_loading=&#8220;default&#8220; layout=&#8220;4&#8243; item_spacing=&#8220;5px&#8220; gallery_style=&#8220;7&#8243; load_in_animation=&#8220;none&#8220; img_size=&#8220;400&#215;300&#8243;][\/tab][\/tabbed_section][\/vc_column][\/vc_row]\n","protected":false},"excerpt":{"rendered":"<p>[vc_row type=&#8220;full_width_background&#8220; full_screen_row_position=&#8220;middle&#8220; column_margin=&#8220;default&#8220; column_direction=&#8220;default&#8220; column_direction_tablet=&#8220;default&#8220; column_direction_phone=&#8220;default&#8220; bg_image=&#8220;2207&#8243; bg_position=&#8220;left top&#8220; background_image_loading=&#8220;default&#8220; bg_repeat=&#8220;no-repeat&#8220; scene_position=&#8220;center&#8220; top_padding=&#8220;120&#8243; bottom_padding=&#8220;400&#8243; top_padding_tablet=&#8220;20&#8243; bottom_padding_tablet=&#8220;130&#8243; text_color=&#8220;light&#8220; text_align=&#8220;left&#8220; row_border_radius=&#8220;none&#8220; row_border_radius_applies=&#8220;bg&#8220; zindex=&#8220;100&#8243; overflow=&#8220;visible&#8220; class=&#8220;main-section&#8220; color_overlay=&#8220;rgba(0,0,0,0.78)&#8220; advanced_gradient_angle=&#8220;0&#8243; overlay_strength=&#8220;0.3&#8243; gradient_direction=&#8220;radial&#8220; shape_divider_position=&#8220;bottom&#8220; bg_image_animation=&#8220;none&#8220;&#8230;<\/p>\n","protected":false},"author":1,"featured_media":1065,"parent":0,"menu_order":0,"comment_status":"closed","ping_status":"closed","template":"","meta":{"inline_featured_image":false,"footnotes":""},"class_list":["post-1130","page","type-page","status-publish","has-post-thumbnail"],"yoast_head":"<!-- This site is optimized with the Yoast SEO plugin v24.8.1 - https:\/\/yoast.com\/wordpress\/plugins\/seo\/ -->\n<title>Kobes Schwei\u00dfschule \u2013 Unsere Galerie | Professionelle Fotos und Videos<\/title>\n<meta name=\"description\" content=\"In unserer Galerie finden Sie spannende Fotos und Videos von unseren Schwei\u00dfkursen. Entdecken Sie die Sch\u00f6nheit des Schwei\u00dfens mit Kobes.\" \/>\n<meta name=\"robots\" content=\"index, follow, max-snippet:-1, max-image-preview:large, max-video-preview:-1\" \/>\n<link rel=\"canonical\" href=\"https:\/\/www.kobes.sk\/de\/galerie\/\" \/>\n<meta property=\"og:locale\" content=\"de_DE\" \/>\n<meta property=\"og:type\" content=\"article\" \/>\n<meta property=\"og:title\" content=\"Kobes Schwei\u00dfschule \u2013 Unsere Galerie | Professionelle Fotos und Videos\" \/>\n<meta property=\"og:description\" content=\"In unserer Galerie finden Sie spannende Fotos und Videos von unseren Schwei\u00dfkursen. Entdecken Sie die Sch\u00f6nheit des Schwei\u00dfens mit Kobes.\" \/>\n<meta property=\"og:url\" content=\"https:\/\/www.kobes.sk\/de\/galerie\/\" \/>\n<meta property=\"og:site_name\" content=\"Kobes\" \/>\n<meta property=\"article:modified_time\" content=\"2025-12-16T07:07:48+00:00\" \/>\n<meta property=\"og:image\" content=\"https:\/\/www.kobes.sk\/wp-content\/uploads\/2023\/10\/zvaracska-skola-22.jpeg\" \/>\n\t<meta property=\"og:image:width\" content=\"2048\" \/>\n\t<meta property=\"og:image:height\" content=\"1365\" \/>\n\t<meta property=\"og:image:type\" content=\"image\/jpeg\" \/>\n<meta name=\"twitter:card\" content=\"summary_large_image\" \/>\n<meta name=\"twitter:label1\" content=\"Gesch\u00e4tzte Lesezeit\" \/>\n\t<meta name=\"twitter:data1\" content=\"29\u00a0Minuten\" \/>\n<script type=\"application\/ld+json\" class=\"yoast-schema-graph\">{\"@context\":\"https:\/\/schema.org\",\"@graph\":[{\"@type\":\"WebPage\",\"@id\":\"https:\/\/www.kobes.sk\/de\/galerie\/\",\"url\":\"https:\/\/www.kobes.sk\/de\/galerie\/\",\"name\":\"Kobes Schwei\u00dfschule \u2013 Unsere Galerie | Professionelle Fotos und Videos\",\"isPartOf\":{\"@id\":\"https:\/\/www.kobes.sk\/de\/#website\"},\"primaryImageOfPage\":{\"@id\":\"https:\/\/www.kobes.sk\/de\/galerie\/#primaryimage\"},\"image\":{\"@id\":\"https:\/\/www.kobes.sk\/de\/galerie\/#primaryimage\"},\"thumbnailUrl\":\"https:\/\/www.kobes.sk\/wp-content\/uploads\/2023\/10\/zvaracska-skola-22.jpeg\",\"datePublished\":\"2023-03-29T08:27:11+00:00\",\"dateModified\":\"2025-12-16T07:07:48+00:00\",\"description\":\"In unserer Galerie finden Sie spannende Fotos und Videos von unseren Schwei\u00dfkursen. Entdecken Sie die Sch\u00f6nheit des Schwei\u00dfens mit Kobes.\",\"breadcrumb\":{\"@id\":\"https:\/\/www.kobes.sk\/de\/galerie\/#breadcrumb\"},\"inLanguage\":\"de\",\"potentialAction\":[{\"@type\":\"ReadAction\",\"target\":[\"https:\/\/www.kobes.sk\/de\/galerie\/\"]}]},{\"@type\":\"ImageObject\",\"inLanguage\":\"de\",\"@id\":\"https:\/\/www.kobes.sk\/de\/galerie\/#primaryimage\",\"url\":\"https:\/\/www.kobes.sk\/wp-content\/uploads\/2023\/10\/zvaracska-skola-22.jpeg\",\"contentUrl\":\"https:\/\/www.kobes.sk\/wp-content\/uploads\/2023\/10\/zvaracska-skola-22.jpeg\",\"width\":2048,\"height\":1365},{\"@type\":\"BreadcrumbList\",\"@id\":\"https:\/\/www.kobes.sk\/de\/galerie\/#breadcrumb\",\"itemListElement\":[{\"@type\":\"ListItem\",\"position\":1,\"name\":\"Domovsk\u00e1 str\u00e1nka\",\"item\":\"https:\/\/www.kobes.sk\/de\/uvod\/\"},{\"@type\":\"ListItem\",\"position\":2,\"name\":\"Galerie\"}]},{\"@type\":\"WebSite\",\"@id\":\"https:\/\/www.kobes.sk\/de\/#website\",\"url\":\"https:\/\/www.kobes.sk\/de\/\",\"name\":\"Kobes\",\"description\":\"\",\"potentialAction\":[{\"@type\":\"SearchAction\",\"target\":{\"@type\":\"EntryPoint\",\"urlTemplate\":\"https:\/\/www.kobes.sk\/de\/?s={search_term_string}\"},\"query-input\":{\"@type\":\"PropertyValueSpecification\",\"valueRequired\":true,\"valueName\":\"search_term_string\"}}],\"inLanguage\":\"de\"}]}<\/script>\n<!-- \/ Yoast SEO plugin. -->","yoast_head_json":{"title":"Kobes Schwei\u00dfschule \u2013 Unsere Galerie | Professionelle Fotos und Videos","description":"In unserer Galerie finden Sie spannende Fotos und Videos von unseren Schwei\u00dfkursen. Entdecken Sie die Sch\u00f6nheit des Schwei\u00dfens mit Kobes.","robots":{"index":"index","follow":"follow","max-snippet":"max-snippet:-1","max-image-preview":"max-image-preview:large","max-video-preview":"max-video-preview:-1"},"canonical":"https:\/\/www.kobes.sk\/de\/galerie\/","og_locale":"de_DE","og_type":"article","og_title":"Kobes Schwei\u00dfschule \u2013 Unsere Galerie | Professionelle Fotos und Videos","og_description":"In unserer Galerie finden Sie spannende Fotos und Videos von unseren Schwei\u00dfkursen. Entdecken Sie die Sch\u00f6nheit des Schwei\u00dfens mit Kobes.","og_url":"https:\/\/www.kobes.sk\/de\/galerie\/","og_site_name":"Kobes","article_modified_time":"2025-12-16T07:07:48+00:00","og_image":[{"width":2048,"height":1365,"url":"https:\/\/www.kobes.sk\/wp-content\/uploads\/2023\/10\/zvaracska-skola-22.jpeg","type":"image\/jpeg"}],"twitter_card":"summary_large_image","twitter_misc":{"Gesch\u00e4tzte Lesezeit":"29\u00a0Minuten"},"schema":{"@context":"https:\/\/schema.org","@graph":[{"@type":"WebPage","@id":"https:\/\/www.kobes.sk\/de\/galerie\/","url":"https:\/\/www.kobes.sk\/de\/galerie\/","name":"Kobes Schwei\u00dfschule \u2013 Unsere Galerie | Professionelle Fotos und Videos","isPartOf":{"@id":"https:\/\/www.kobes.sk\/de\/#website"},"primaryImageOfPage":{"@id":"https:\/\/www.kobes.sk\/de\/galerie\/#primaryimage"},"image":{"@id":"https:\/\/www.kobes.sk\/de\/galerie\/#primaryimage"},"thumbnailUrl":"https:\/\/www.kobes.sk\/wp-content\/uploads\/2023\/10\/zvaracska-skola-22.jpeg","datePublished":"2023-03-29T08:27:11+00:00","dateModified":"2025-12-16T07:07:48+00:00","description":"In unserer Galerie finden Sie spannende Fotos und Videos von unseren Schwei\u00dfkursen. Entdecken Sie die Sch\u00f6nheit des Schwei\u00dfens mit Kobes.","breadcrumb":{"@id":"https:\/\/www.kobes.sk\/de\/galerie\/#breadcrumb"},"inLanguage":"de","potentialAction":[{"@type":"ReadAction","target":["https:\/\/www.kobes.sk\/de\/galerie\/"]}]},{"@type":"ImageObject","inLanguage":"de","@id":"https:\/\/www.kobes.sk\/de\/galerie\/#primaryimage","url":"https:\/\/www.kobes.sk\/wp-content\/uploads\/2023\/10\/zvaracska-skola-22.jpeg","contentUrl":"https:\/\/www.kobes.sk\/wp-content\/uploads\/2023\/10\/zvaracska-skola-22.jpeg","width":2048,"height":1365},{"@type":"BreadcrumbList","@id":"https:\/\/www.kobes.sk\/de\/galerie\/#breadcrumb","itemListElement":[{"@type":"ListItem","position":1,"name":"Domovsk\u00e1 str\u00e1nka","item":"https:\/\/www.kobes.sk\/de\/uvod\/"},{"@type":"ListItem","position":2,"name":"Galerie"}]},{"@type":"WebSite","@id":"https:\/\/www.kobes.sk\/de\/#website","url":"https:\/\/www.kobes.sk\/de\/","name":"Kobes","description":"","potentialAction":[{"@type":"SearchAction","target":{"@type":"EntryPoint","urlTemplate":"https:\/\/www.kobes.sk\/de\/?s={search_term_string}"},"query-input":{"@type":"PropertyValueSpecification","valueRequired":true,"valueName":"search_term_string"}}],"inLanguage":"de"}]}},"_links":{"self":[{"href":"https:\/\/www.kobes.sk\/de\/wp-json\/wp\/v2\/pages\/1130","targetHints":{"allow":["GET"]}}],"collection":[{"href":"https:\/\/www.kobes.sk\/de\/wp-json\/wp\/v2\/pages"}],"about":[{"href":"https:\/\/www.kobes.sk\/de\/wp-json\/wp\/v2\/types\/page"}],"author":[{"embeddable":true,"href":"https:\/\/www.kobes.sk\/de\/wp-json\/wp\/v2\/users\/1"}],"replies":[{"embeddable":true,"href":"https:\/\/www.kobes.sk\/de\/wp-json\/wp\/v2\/comments?post=1130"}],"version-history":[{"count":12,"href":"https:\/\/www.kobes.sk\/de\/wp-json\/wp\/v2\/pages\/1130\/revisions"}],"predecessor-version":[{"id":3067,"href":"https:\/\/www.kobes.sk\/de\/wp-json\/wp\/v2\/pages\/1130\/revisions\/3067"}],"wp:featuredmedia":[{"embeddable":true,"href":"https:\/\/www.kobes.sk\/de\/wp-json\/wp\/v2\/media\/1065"}],"wp:attachment":[{"href":"https:\/\/www.kobes.sk\/de\/wp-json\/wp\/v2\/media?parent=1130"}],"curies":[{"name":"wp","href":"https:\/\/api.w.org\/{rel}","templated":true}]}}