{"id":1217,"date":"2025-03-26T03:59:10","date_gmt":"2025-03-26T02:59:10","guid":{"rendered":"https:\/\/www.kobes.sk\/produkt\/kurs-tig-141-6823-grund-offizieller-kurs\/"},"modified":"2025-04-02T09:12:48","modified_gmt":"2025-04-02T07:12:48","slug":"kurs-tig-141-6823-grund-offizieller-kurs","status":"publish","type":"product","link":"https:\/\/www.kobes.sk\/de\/produkt\/kurs-tig-141-6823-grund-offizieller-kurs\/","title":{"rendered":"Kurs TIG 141-6,8,23 (Grund- + Offizieller Kurs)"},"content":{"rendered":"","protected":false},"excerpt":{"rendered":"<p>Im Rahmen des Kurses erlernt der Absolvent die Grundlagen des Schwei\u00dfens von Blechen und Rohren in verschiedenen Positionen. Diese Art von Zertifikat ist weltweit sehr gefragt und ein Schwei\u00dfer, der sich Kenntnisse in dieser Methode aneignet, wird in verschiedenen Bereichen eine Anstellung finden. Zur Auswahl stehen Materialien wie: schwarzes Material, Edelstahlmaterial oder Aluminium. Der Schwei\u00dfer erh\u00e4lt <strong>einen Ausweis f\u00fcr den Grundkurs<\/strong> und <strong>ein international anerkanntes Zertifikat<\/strong> nach <strong>STN EN ISO 9606<\/strong>. Der Schwei\u00dfer erh\u00e4lt von uns Schwei\u00dfhandschuhe, eine professionelle Abblendhaube und unbegrente Menge von Material.<\/p>\n<h4>Preis ab: 806,00 \u20ac<\/h4>\n","protected":false},"featured_media":1884,"template":"","meta":{"inline_featured_image":false},"product_brand":[],"product_cat":[31],"product_tag":[],"class_list":{"0":"post-1217","1":"product","2":"type-product","3":"status-publish","4":"has-post-thumbnail","6":"product_cat-kurse","8":"first","9":"instock","10":"sale","11":"shipping-taxable","12":"purchasable","13":"product-type-variable"},"yoast_head":"<!-- This site is optimized with the Yoast SEO plugin v24.8.1 - https:\/\/yoast.com\/wordpress\/plugins\/seo\/ -->\n<title>Intensivkurs TIG 141-6,8,23 - Pr\u00e4zise Schwei\u00dftechniken<\/title>\n<meta name=\"description\" content=\"Unsere Schwei\u00dfschule pr\u00e4sentiert Ihnen einen intensiven zertifizierten TIG-Schwei\u00dfkurs 141-6,8,23, der auf pr\u00e4zise und hochwertige Schwei\u00dftechniken ausgerichtet ist.\" \/>\n<meta name=\"robots\" content=\"index, follow, max-snippet:-1, max-image-preview:large, max-video-preview:-1\" \/>\n<link rel=\"canonical\" href=\"https:\/\/www.kobes.sk\/de\/produkt\/kurs-tig-141-6823-grund-offizieller-kurs\/\" \/>\n<meta property=\"og:locale\" content=\"de_DE\" \/>\n<meta property=\"og:type\" content=\"article\" \/>\n<meta property=\"og:title\" content=\"Intensivkurs TIG 141-6,8,23 - Pr\u00e4zise Schwei\u00dftechniken\" \/>\n<meta property=\"og:description\" content=\"Unsere Schwei\u00dfschule pr\u00e4sentiert Ihnen einen intensiven zertifizierten TIG-Schwei\u00dfkurs 141-6,8,23, der auf pr\u00e4zise und hochwertige Schwei\u00dftechniken ausgerichtet ist.\" \/>\n<meta property=\"og:url\" content=\"https:\/\/www.kobes.sk\/de\/produkt\/kurs-tig-141-6823-grund-offizieller-kurs\/\" \/>\n<meta property=\"og:site_name\" content=\"Kobes\" \/>\n<meta property=\"article:modified_time\" content=\"2025-04-02T07:12:48+00:00\" \/>\n<meta property=\"og:image\" content=\"https:\/\/www.kobes.sk\/wp-content\/uploads\/2025\/03\/1-1.png\" \/>\n\t<meta property=\"og:image:width\" content=\"940\" \/>\n\t<meta property=\"og:image:height\" content=\"788\" \/>\n\t<meta property=\"og:image:type\" content=\"image\/png\" \/>\n<meta name=\"twitter:card\" content=\"summary_large_image\" \/>\n<meta name=\"twitter:label1\" content=\"Gesch\u00e4tzte Lesezeit\" \/>\n\t<meta name=\"twitter:data1\" content=\"1\u00a0Minute\" \/>\n<script type=\"application\/ld+json\" class=\"yoast-schema-graph\">{\"@context\":\"https:\/\/schema.org\",\"@graph\":[{\"@type\":\"WebPage\",\"@id\":\"https:\/\/www.kobes.sk\/de\/produkt\/kurs-tig-141-6823-grund-offizieller-kurs\/\",\"url\":\"https:\/\/www.kobes.sk\/de\/produkt\/kurs-tig-141-6823-grund-offizieller-kurs\/\",\"name\":\"Intensivkurs TIG 141-6,8,23 - Pr\u00e4zise Schwei\u00dftechniken\",\"isPartOf\":{\"@id\":\"https:\/\/www.kobes.sk\/de\/#website\"},\"primaryImageOfPage\":{\"@id\":\"https:\/\/www.kobes.sk\/de\/produkt\/kurs-tig-141-6823-grund-offizieller-kurs\/#primaryimage\"},\"image\":{\"@id\":\"https:\/\/www.kobes.sk\/de\/produkt\/kurs-tig-141-6823-grund-offizieller-kurs\/#primaryimage\"},\"thumbnailUrl\":\"https:\/\/www.kobes.sk\/wp-content\/uploads\/2025\/03\/1-1.png\",\"datePublished\":\"2025-03-26T02:59:10+00:00\",\"dateModified\":\"2025-04-02T07:12:48+00:00\",\"description\":\"Unsere Schwei\u00dfschule pr\u00e4sentiert Ihnen einen intensiven zertifizierten TIG-Schwei\u00dfkurs 141-6,8,23, der auf pr\u00e4zise und hochwertige Schwei\u00dftechniken ausgerichtet ist.\",\"breadcrumb\":{\"@id\":\"https:\/\/www.kobes.sk\/de\/produkt\/kurs-tig-141-6823-grund-offizieller-kurs\/#breadcrumb\"},\"inLanguage\":\"de\",\"potentialAction\":[{\"@type\":\"ReadAction\",\"target\":[\"https:\/\/www.kobes.sk\/de\/produkt\/kurs-tig-141-6823-grund-offizieller-kurs\/\"]}]},{\"@type\":\"ImageObject\",\"inLanguage\":\"de\",\"@id\":\"https:\/\/www.kobes.sk\/de\/produkt\/kurs-tig-141-6823-grund-offizieller-kurs\/#primaryimage\",\"url\":\"https:\/\/www.kobes.sk\/wp-content\/uploads\/2025\/03\/1-1.png\",\"contentUrl\":\"https:\/\/www.kobes.sk\/wp-content\/uploads\/2025\/03\/1-1.png\",\"width\":940,\"height\":788,\"caption\":\"WIG\"},{\"@type\":\"BreadcrumbList\",\"@id\":\"https:\/\/www.kobes.sk\/de\/produkt\/kurs-tig-141-6823-grund-offizieller-kurs\/#breadcrumb\",\"itemListElement\":[{\"@type\":\"ListItem\",\"position\":1,\"name\":\"Domovsk\u00e1 str\u00e1nka\",\"item\":\"https:\/\/www.kobes.sk\/de\/uvod\/\"},{\"@type\":\"ListItem\",\"position\":2,\"name\":\"Obchod\",\"item\":\"https:\/\/www.kobes.sk\/obchod\/\"},{\"@type\":\"ListItem\",\"position\":3,\"name\":\"Kurs TIG 141-6,8,23 (Grund- + Offizieller Kurs)\"}]},{\"@type\":\"WebSite\",\"@id\":\"https:\/\/www.kobes.sk\/de\/#website\",\"url\":\"https:\/\/www.kobes.sk\/de\/\",\"name\":\"Kobes\",\"description\":\"\",\"potentialAction\":[{\"@type\":\"SearchAction\",\"target\":{\"@type\":\"EntryPoint\",\"urlTemplate\":\"https:\/\/www.kobes.sk\/de\/?s={search_term_string}\"},\"query-input\":{\"@type\":\"PropertyValueSpecification\",\"valueRequired\":true,\"valueName\":\"search_term_string\"}}],\"inLanguage\":\"de\"}]}<\/script>\n<!-- \/ Yoast SEO plugin. -->","yoast_head_json":{"title":"Intensivkurs TIG 141-6,8,23 - Pr\u00e4zise Schwei\u00dftechniken","description":"Unsere Schwei\u00dfschule pr\u00e4sentiert Ihnen einen intensiven zertifizierten TIG-Schwei\u00dfkurs 141-6,8,23, der auf pr\u00e4zise und hochwertige Schwei\u00dftechniken ausgerichtet ist.","robots":{"index":"index","follow":"follow","max-snippet":"max-snippet:-1","max-image-preview":"max-image-preview:large","max-video-preview":"max-video-preview:-1"},"canonical":"https:\/\/www.kobes.sk\/de\/produkt\/kurs-tig-141-6823-grund-offizieller-kurs\/","og_locale":"de_DE","og_type":"article","og_title":"Intensivkurs TIG 141-6,8,23 - Pr\u00e4zise Schwei\u00dftechniken","og_description":"Unsere Schwei\u00dfschule pr\u00e4sentiert Ihnen einen intensiven zertifizierten TIG-Schwei\u00dfkurs 141-6,8,23, der auf pr\u00e4zise und hochwertige Schwei\u00dftechniken ausgerichtet ist.","og_url":"https:\/\/www.kobes.sk\/de\/produkt\/kurs-tig-141-6823-grund-offizieller-kurs\/","og_site_name":"Kobes","article_modified_time":"2025-04-02T07:12:48+00:00","og_image":[{"width":940,"height":788,"url":"https:\/\/www.kobes.sk\/wp-content\/uploads\/2025\/03\/1-1.png","type":"image\/png"}],"twitter_card":"summary_large_image","twitter_misc":{"Gesch\u00e4tzte Lesezeit":"1\u00a0Minute"},"schema":{"@context":"https:\/\/schema.org","@graph":[{"@type":"WebPage","@id":"https:\/\/www.kobes.sk\/de\/produkt\/kurs-tig-141-6823-grund-offizieller-kurs\/","url":"https:\/\/www.kobes.sk\/de\/produkt\/kurs-tig-141-6823-grund-offizieller-kurs\/","name":"Intensivkurs TIG 141-6,8,23 - Pr\u00e4zise Schwei\u00dftechniken","isPartOf":{"@id":"https:\/\/www.kobes.sk\/de\/#website"},"primaryImageOfPage":{"@id":"https:\/\/www.kobes.sk\/de\/produkt\/kurs-tig-141-6823-grund-offizieller-kurs\/#primaryimage"},"image":{"@id":"https:\/\/www.kobes.sk\/de\/produkt\/kurs-tig-141-6823-grund-offizieller-kurs\/#primaryimage"},"thumbnailUrl":"https:\/\/www.kobes.sk\/wp-content\/uploads\/2025\/03\/1-1.png","datePublished":"2025-03-26T02:59:10+00:00","dateModified":"2025-04-02T07:12:48+00:00","description":"Unsere Schwei\u00dfschule pr\u00e4sentiert Ihnen einen intensiven zertifizierten TIG-Schwei\u00dfkurs 141-6,8,23, der auf pr\u00e4zise und hochwertige Schwei\u00dftechniken ausgerichtet ist.","breadcrumb":{"@id":"https:\/\/www.kobes.sk\/de\/produkt\/kurs-tig-141-6823-grund-offizieller-kurs\/#breadcrumb"},"inLanguage":"de","potentialAction":[{"@type":"ReadAction","target":["https:\/\/www.kobes.sk\/de\/produkt\/kurs-tig-141-6823-grund-offizieller-kurs\/"]}]},{"@type":"ImageObject","inLanguage":"de","@id":"https:\/\/www.kobes.sk\/de\/produkt\/kurs-tig-141-6823-grund-offizieller-kurs\/#primaryimage","url":"https:\/\/www.kobes.sk\/wp-content\/uploads\/2025\/03\/1-1.png","contentUrl":"https:\/\/www.kobes.sk\/wp-content\/uploads\/2025\/03\/1-1.png","width":940,"height":788,"caption":"WIG"},{"@type":"BreadcrumbList","@id":"https:\/\/www.kobes.sk\/de\/produkt\/kurs-tig-141-6823-grund-offizieller-kurs\/#breadcrumb","itemListElement":[{"@type":"ListItem","position":1,"name":"Domovsk\u00e1 str\u00e1nka","item":"https:\/\/www.kobes.sk\/de\/uvod\/"},{"@type":"ListItem","position":2,"name":"Obchod","item":"https:\/\/www.kobes.sk\/obchod\/"},{"@type":"ListItem","position":3,"name":"Kurs TIG 141-6,8,23 (Grund- + Offizieller Kurs)"}]},{"@type":"WebSite","@id":"https:\/\/www.kobes.sk\/de\/#website","url":"https:\/\/www.kobes.sk\/de\/","name":"Kobes","description":"","potentialAction":[{"@type":"SearchAction","target":{"@type":"EntryPoint","urlTemplate":"https:\/\/www.kobes.sk\/de\/?s={search_term_string}"},"query-input":{"@type":"PropertyValueSpecification","valueRequired":true,"valueName":"search_term_string"}}],"inLanguage":"de"}]}},"_links":{"self":[{"href":"https:\/\/www.kobes.sk\/de\/wp-json\/wp\/v2\/product\/1217","targetHints":{"allow":["GET"]}}],"collection":[{"href":"https:\/\/www.kobes.sk\/de\/wp-json\/wp\/v2\/product"}],"about":[{"href":"https:\/\/www.kobes.sk\/de\/wp-json\/wp\/v2\/types\/product"}],"wp:featuredmedia":[{"embeddable":true,"href":"https:\/\/www.kobes.sk\/de\/wp-json\/wp\/v2\/media\/1884"}],"wp:attachment":[{"href":"https:\/\/www.kobes.sk\/de\/wp-json\/wp\/v2\/media?parent=1217"}],"wp:term":[{"taxonomy":"product_brand","embeddable":true,"href":"https:\/\/www.kobes.sk\/de\/wp-json\/wp\/v2\/product_brand?post=1217"},{"taxonomy":"product_cat","embeddable":true,"href":"https:\/\/www.kobes.sk\/de\/wp-json\/wp\/v2\/product_cat?post=1217"},{"taxonomy":"product_tag","embeddable":true,"href":"https:\/\/www.kobes.sk\/de\/wp-json\/wp\/v2\/product_tag?post=1217"}],"curies":[{"name":"wp","href":"https:\/\/api.w.org\/{rel}","templated":true}]}}