{"id":1225,"date":"2023-08-01T15:52:43","date_gmt":"2023-08-01T13:52:43","guid":{"rendered":"https:\/\/www.kobes.sk\/produkt\/kurs-mma-111-68-grund-offizieller-kurs\/"},"modified":"2025-04-02T09:14:26","modified_gmt":"2025-04-02T07:14:26","slug":"kurs-mma-111-68-grund-offizieller-kurs","status":"publish","type":"product","link":"https:\/\/www.kobes.sk\/de\/produkt\/kurs-mma-111-68-grund-offizieller-kurs\/","title":{"rendered":"Kurs MMA 111-6,8 (Grund- + Offizieller Kurs)"},"content":{"rendered":"","protected":false},"excerpt":{"rendered":"<p>Im Kurs wird der Absolvent alles von den Grundlagen des Schwei\u00dfens von Blechen und Rohren in verschiedenen Positionen bis hin zur Profi-Ebene lernen. Dieser Zertifikatstyp ist weltweit sehr gefragt, und ein Schwei\u00dfer, der F\u00e4higkeiten in dieser Methode erwirbt, findet Anwendung in verschiedenen Bereichen. Sie k\u00f6nnen aus Materialien wie Schwarzmaterial oder Edelstahl w\u00e4hlen. Der Schwei\u00dfer erh\u00e4lt eine <strong>ID-Karte<\/strong> f\u00fcr den Grundkurs und ein <strong>international anerkanntes Zertifikat gem\u00e4\u00df STN EN ISO 9606.<\/strong> Vom Kurs bekommt der Schwei\u00dfer Schwei\u00dferhandschuhe, eine professionelle Abdunklungskappe und unbegrenzte Mengen an Material.<\/p>\n<h4>Preis ab: 728,00 \u20ac<\/h4>\n","protected":false},"featured_media":1277,"template":"","meta":{"inline_featured_image":false},"product_brand":[],"product_cat":[31],"product_tag":[],"class_list":{"0":"post-1225","1":"product","2":"type-product","3":"status-publish","4":"has-post-thumbnail","6":"product_cat-kurse","8":"first","9":"instock","10":"sale","11":"shipping-taxable","12":"purchasable","13":"product-type-variable"},"yoast_head":"<!-- This site is optimized with the Yoast SEO plugin v24.8.1 - https:\/\/yoast.com\/wordpress\/plugins\/seo\/ -->\n<title>Intensivkurs Schwei\u00dfen MMA 111-6,8 - Zertifizierter Kurs.<\/title>\n<meta name=\"description\" content=\"Unser Intensivkurs MMA 111-6,8 ist darauf ausgelegt, Sie grundlegend mit Schwei\u00dftechniken vertraut zu machen. Er umfasst sowohl eine grundlegende Vorbereitung als auch eine offizielle Zertifizierung.\" \/>\n<meta name=\"robots\" content=\"index, follow, max-snippet:-1, max-image-preview:large, max-video-preview:-1\" \/>\n<link rel=\"canonical\" href=\"https:\/\/www.kobes.sk\/de\/produkt\/kurs-mma-111-68-grund-offizieller-kurs\/\" \/>\n<meta property=\"og:locale\" content=\"de_DE\" \/>\n<meta property=\"og:type\" content=\"article\" \/>\n<meta property=\"og:title\" content=\"Intensivkurs Schwei\u00dfen MMA 111-6,8 - Zertifizierter Kurs.\" \/>\n<meta property=\"og:description\" content=\"Unser Intensivkurs MMA 111-6,8 ist darauf ausgelegt, Sie grundlegend mit Schwei\u00dftechniken vertraut zu machen. Er umfasst sowohl eine grundlegende Vorbereitung als auch eine offizielle Zertifizierung.\" \/>\n<meta property=\"og:url\" content=\"https:\/\/www.kobes.sk\/de\/produkt\/kurs-mma-111-68-grund-offizieller-kurs\/\" \/>\n<meta property=\"og:site_name\" content=\"Kobes\" \/>\n<meta property=\"article:modified_time\" content=\"2025-04-02T07:14:26+00:00\" \/>\n<meta property=\"og:image\" content=\"https:\/\/www.kobes.sk\/wp-content\/uploads\/2024\/08\/3.png\" \/>\n\t<meta property=\"og:image:width\" content=\"940\" \/>\n\t<meta property=\"og:image:height\" content=\"788\" \/>\n\t<meta property=\"og:image:type\" content=\"image\/png\" \/>\n<meta name=\"twitter:card\" content=\"summary_large_image\" \/>\n<meta name=\"twitter:label1\" content=\"Gesch\u00e4tzte Lesezeit\" \/>\n\t<meta name=\"twitter:data1\" content=\"1\u00a0Minute\" \/>\n<script type=\"application\/ld+json\" class=\"yoast-schema-graph\">{\"@context\":\"https:\/\/schema.org\",\"@graph\":[{\"@type\":\"WebPage\",\"@id\":\"https:\/\/www.kobes.sk\/de\/produkt\/kurs-mma-111-68-grund-offizieller-kurs\/\",\"url\":\"https:\/\/www.kobes.sk\/de\/produkt\/kurs-mma-111-68-grund-offizieller-kurs\/\",\"name\":\"Intensivkurs Schwei\u00dfen MMA 111-6,8 - Zertifizierter Kurs.\",\"isPartOf\":{\"@id\":\"https:\/\/www.kobes.sk\/de\/#website\"},\"primaryImageOfPage\":{\"@id\":\"https:\/\/www.kobes.sk\/de\/produkt\/kurs-mma-111-68-grund-offizieller-kurs\/#primaryimage\"},\"image\":{\"@id\":\"https:\/\/www.kobes.sk\/de\/produkt\/kurs-mma-111-68-grund-offizieller-kurs\/#primaryimage\"},\"thumbnailUrl\":\"https:\/\/www.kobes.sk\/wp-content\/uploads\/2024\/08\/3.png\",\"datePublished\":\"2023-08-01T13:52:43+00:00\",\"dateModified\":\"2025-04-02T07:14:26+00:00\",\"description\":\"Unser Intensivkurs MMA 111-6,8 ist darauf ausgelegt, Sie grundlegend mit Schwei\u00dftechniken vertraut zu machen. Er umfasst sowohl eine grundlegende Vorbereitung als auch eine offizielle Zertifizierung.\",\"breadcrumb\":{\"@id\":\"https:\/\/www.kobes.sk\/de\/produkt\/kurs-mma-111-68-grund-offizieller-kurs\/#breadcrumb\"},\"inLanguage\":\"de\",\"potentialAction\":[{\"@type\":\"ReadAction\",\"target\":[\"https:\/\/www.kobes.sk\/de\/produkt\/kurs-mma-111-68-grund-offizieller-kurs\/\"]}]},{\"@type\":\"ImageObject\",\"inLanguage\":\"de\",\"@id\":\"https:\/\/www.kobes.sk\/de\/produkt\/kurs-mma-111-68-grund-offizieller-kurs\/#primaryimage\",\"url\":\"https:\/\/www.kobes.sk\/wp-content\/uploads\/2024\/08\/3.png\",\"contentUrl\":\"https:\/\/www.kobes.sk\/wp-content\/uploads\/2024\/08\/3.png\",\"width\":940,\"height\":788},{\"@type\":\"BreadcrumbList\",\"@id\":\"https:\/\/www.kobes.sk\/de\/produkt\/kurs-mma-111-68-grund-offizieller-kurs\/#breadcrumb\",\"itemListElement\":[{\"@type\":\"ListItem\",\"position\":1,\"name\":\"Domovsk\u00e1 str\u00e1nka\",\"item\":\"https:\/\/www.kobes.sk\/de\/uvod\/\"},{\"@type\":\"ListItem\",\"position\":2,\"name\":\"Obchod\",\"item\":\"https:\/\/www.kobes.sk\/obchod\/\"},{\"@type\":\"ListItem\",\"position\":3,\"name\":\"Kurs MMA 111-6,8 (Grund- + Offizieller Kurs)\"}]},{\"@type\":\"WebSite\",\"@id\":\"https:\/\/www.kobes.sk\/de\/#website\",\"url\":\"https:\/\/www.kobes.sk\/de\/\",\"name\":\"Kobes\",\"description\":\"\",\"potentialAction\":[{\"@type\":\"SearchAction\",\"target\":{\"@type\":\"EntryPoint\",\"urlTemplate\":\"https:\/\/www.kobes.sk\/de\/?s={search_term_string}\"},\"query-input\":{\"@type\":\"PropertyValueSpecification\",\"valueRequired\":true,\"valueName\":\"search_term_string\"}}],\"inLanguage\":\"de\"}]}<\/script>\n<!-- \/ Yoast SEO plugin. -->","yoast_head_json":{"title":"Intensivkurs Schwei\u00dfen MMA 111-6,8 - Zertifizierter Kurs.","description":"Unser Intensivkurs MMA 111-6,8 ist darauf ausgelegt, Sie grundlegend mit Schwei\u00dftechniken vertraut zu machen. Er umfasst sowohl eine grundlegende Vorbereitung als auch eine offizielle Zertifizierung.","robots":{"index":"index","follow":"follow","max-snippet":"max-snippet:-1","max-image-preview":"max-image-preview:large","max-video-preview":"max-video-preview:-1"},"canonical":"https:\/\/www.kobes.sk\/de\/produkt\/kurs-mma-111-68-grund-offizieller-kurs\/","og_locale":"de_DE","og_type":"article","og_title":"Intensivkurs Schwei\u00dfen MMA 111-6,8 - Zertifizierter Kurs.","og_description":"Unser Intensivkurs MMA 111-6,8 ist darauf ausgelegt, Sie grundlegend mit Schwei\u00dftechniken vertraut zu machen. Er umfasst sowohl eine grundlegende Vorbereitung als auch eine offizielle Zertifizierung.","og_url":"https:\/\/www.kobes.sk\/de\/produkt\/kurs-mma-111-68-grund-offizieller-kurs\/","og_site_name":"Kobes","article_modified_time":"2025-04-02T07:14:26+00:00","og_image":[{"width":940,"height":788,"url":"https:\/\/www.kobes.sk\/wp-content\/uploads\/2024\/08\/3.png","type":"image\/png"}],"twitter_card":"summary_large_image","twitter_misc":{"Gesch\u00e4tzte Lesezeit":"1\u00a0Minute"},"schema":{"@context":"https:\/\/schema.org","@graph":[{"@type":"WebPage","@id":"https:\/\/www.kobes.sk\/de\/produkt\/kurs-mma-111-68-grund-offizieller-kurs\/","url":"https:\/\/www.kobes.sk\/de\/produkt\/kurs-mma-111-68-grund-offizieller-kurs\/","name":"Intensivkurs Schwei\u00dfen MMA 111-6,8 - Zertifizierter Kurs.","isPartOf":{"@id":"https:\/\/www.kobes.sk\/de\/#website"},"primaryImageOfPage":{"@id":"https:\/\/www.kobes.sk\/de\/produkt\/kurs-mma-111-68-grund-offizieller-kurs\/#primaryimage"},"image":{"@id":"https:\/\/www.kobes.sk\/de\/produkt\/kurs-mma-111-68-grund-offizieller-kurs\/#primaryimage"},"thumbnailUrl":"https:\/\/www.kobes.sk\/wp-content\/uploads\/2024\/08\/3.png","datePublished":"2023-08-01T13:52:43+00:00","dateModified":"2025-04-02T07:14:26+00:00","description":"Unser Intensivkurs MMA 111-6,8 ist darauf ausgelegt, Sie grundlegend mit Schwei\u00dftechniken vertraut zu machen. Er umfasst sowohl eine grundlegende Vorbereitung als auch eine offizielle Zertifizierung.","breadcrumb":{"@id":"https:\/\/www.kobes.sk\/de\/produkt\/kurs-mma-111-68-grund-offizieller-kurs\/#breadcrumb"},"inLanguage":"de","potentialAction":[{"@type":"ReadAction","target":["https:\/\/www.kobes.sk\/de\/produkt\/kurs-mma-111-68-grund-offizieller-kurs\/"]}]},{"@type":"ImageObject","inLanguage":"de","@id":"https:\/\/www.kobes.sk\/de\/produkt\/kurs-mma-111-68-grund-offizieller-kurs\/#primaryimage","url":"https:\/\/www.kobes.sk\/wp-content\/uploads\/2024\/08\/3.png","contentUrl":"https:\/\/www.kobes.sk\/wp-content\/uploads\/2024\/08\/3.png","width":940,"height":788},{"@type":"BreadcrumbList","@id":"https:\/\/www.kobes.sk\/de\/produkt\/kurs-mma-111-68-grund-offizieller-kurs\/#breadcrumb","itemListElement":[{"@type":"ListItem","position":1,"name":"Domovsk\u00e1 str\u00e1nka","item":"https:\/\/www.kobes.sk\/de\/uvod\/"},{"@type":"ListItem","position":2,"name":"Obchod","item":"https:\/\/www.kobes.sk\/obchod\/"},{"@type":"ListItem","position":3,"name":"Kurs MMA 111-6,8 (Grund- + Offizieller Kurs)"}]},{"@type":"WebSite","@id":"https:\/\/www.kobes.sk\/de\/#website","url":"https:\/\/www.kobes.sk\/de\/","name":"Kobes","description":"","potentialAction":[{"@type":"SearchAction","target":{"@type":"EntryPoint","urlTemplate":"https:\/\/www.kobes.sk\/de\/?s={search_term_string}"},"query-input":{"@type":"PropertyValueSpecification","valueRequired":true,"valueName":"search_term_string"}}],"inLanguage":"de"}]}},"_links":{"self":[{"href":"https:\/\/www.kobes.sk\/de\/wp-json\/wp\/v2\/product\/1225","targetHints":{"allow":["GET"]}}],"collection":[{"href":"https:\/\/www.kobes.sk\/de\/wp-json\/wp\/v2\/product"}],"about":[{"href":"https:\/\/www.kobes.sk\/de\/wp-json\/wp\/v2\/types\/product"}],"wp:featuredmedia":[{"embeddable":true,"href":"https:\/\/www.kobes.sk\/de\/wp-json\/wp\/v2\/media\/1277"}],"wp:attachment":[{"href":"https:\/\/www.kobes.sk\/de\/wp-json\/wp\/v2\/media?parent=1225"}],"wp:term":[{"taxonomy":"product_brand","embeddable":true,"href":"https:\/\/www.kobes.sk\/de\/wp-json\/wp\/v2\/product_brand?post=1225"},{"taxonomy":"product_cat","embeddable":true,"href":"https:\/\/www.kobes.sk\/de\/wp-json\/wp\/v2\/product_cat?post=1225"},{"taxonomy":"product_tag","embeddable":true,"href":"https:\/\/www.kobes.sk\/de\/wp-json\/wp\/v2\/product_tag?post=1225"}],"curies":[{"name":"wp","href":"https:\/\/api.w.org\/{rel}","templated":true}]}}