{"id":1826,"date":"2025-03-26T19:30:26","date_gmt":"2025-03-26T18:30:26","guid":{"rendered":"https:\/\/www.kobes.sk\/produkt\/orbitalschweissen-profi-kurs\/"},"modified":"2025-04-02T09:15:08","modified_gmt":"2025-04-02T07:15:08","slug":"orbitalschweissen-profi-kurs","status":"publish","type":"product","link":"https:\/\/www.kobes.sk\/de\/produkt\/orbitalschweissen-profi-kurs\/","title":{"rendered":"Orbitalschwei\u00dfen PROFI Kurs\u2028"},"content":{"rendered":"","protected":false},"excerpt":{"rendered":"<p class=\"p1\">Reale Rohrbaugruppen werden bearbeitet. Teilnehmer messen, endoskopieren Wurzeln\u00e4hte, schwei\u00dfen B\u00f6gen, T-St\u00fccke, Flansche usw.<br \/>\nWir arbeiten mit geschlossenem Kopf (ORBITEC) und offenem Kopf mit Drahtzufuhr (AXXAIR).<br \/>\nVerwendete Materialien: Schwarzmaterial, Edelstahl.<br \/>\nTeilnehmer erhalten Handschuhe, Profihelm und unbegrenztes Material.<\/p>\n<h3 class=\"p1\"><b>Preis ab:<\/b><\/h3>\n<p class=\"p1\">Kontaktieren Sie uns \u2013 wir bieten Ihnen den besten Preis am Markt. Rabatte bis zu 30 %!<\/p>\n","protected":false},"featured_media":1673,"template":"","meta":{"inline_featured_image":false},"product_brand":[],"product_cat":[31],"product_tag":[],"class_list":{"0":"post-1826","1":"product","2":"type-product","3":"status-publish","4":"has-post-thumbnail","6":"product_cat-kurse","8":"first","9":"instock","10":"sale","11":"virtual","12":"purchasable","13":"product-type-simple"},"yoast_head":"<!-- This site is optimized with the Yoast SEO plugin v24.8.1 - https:\/\/yoast.com\/wordpress\/plugins\/seo\/ -->\n<title>Orbitalschwei\u00dfen PROFI Kurs\u2028 - Kobes<\/title>\n<meta name=\"description\" content=\"Sammeln Sie Erfahrungen im Schwei\u00dfen von Rohrbaugruppen! Lernen Sie, Messungen, Endoskopschwei\u00dfn\u00e4hte und Schwei\u00dfb\u00f6gen, T-St\u00fccke oder Flansche zu \u00fcberpr\u00fcfen.\" \/>\n<meta name=\"robots\" content=\"index, follow, max-snippet:-1, max-image-preview:large, max-video-preview:-1\" \/>\n<link rel=\"canonical\" href=\"https:\/\/www.kobes.sk\/de\/produkt\/orbitalschweissen-profi-kurs\/\" \/>\n<meta property=\"og:locale\" content=\"de_DE\" \/>\n<meta property=\"og:type\" content=\"article\" \/>\n<meta property=\"og:title\" content=\"Orbitalschwei\u00dfen PROFI Kurs\u2028 - Kobes\" \/>\n<meta property=\"og:description\" content=\"Sammeln Sie Erfahrungen im Schwei\u00dfen von Rohrbaugruppen! Lernen Sie, Messungen, Endoskopschwei\u00dfn\u00e4hte und Schwei\u00dfb\u00f6gen, T-St\u00fccke oder Flansche zu \u00fcberpr\u00fcfen.\" \/>\n<meta property=\"og:url\" content=\"https:\/\/www.kobes.sk\/de\/produkt\/orbitalschweissen-profi-kurs\/\" \/>\n<meta property=\"og:site_name\" content=\"Kobes\" \/>\n<meta property=\"article:modified_time\" content=\"2025-04-02T07:15:08+00:00\" \/>\n<meta property=\"og:image\" content=\"https:\/\/www.kobes.sk\/wp-content\/uploads\/2025\/03\/Orbital-Profi.webp\" \/>\n\t<meta property=\"og:image:width\" content=\"940\" \/>\n\t<meta property=\"og:image:height\" content=\"788\" \/>\n\t<meta property=\"og:image:type\" content=\"image\/webp\" \/>\n<meta name=\"twitter:card\" content=\"summary_large_image\" \/>\n<meta name=\"twitter:label1\" content=\"Gesch\u00e4tzte Lesezeit\" \/>\n\t<meta name=\"twitter:data1\" content=\"1\u00a0Minute\" \/>\n<script type=\"application\/ld+json\" class=\"yoast-schema-graph\">{\"@context\":\"https:\/\/schema.org\",\"@graph\":[{\"@type\":\"WebPage\",\"@id\":\"https:\/\/www.kobes.sk\/de\/produkt\/orbitalschweissen-profi-kurs\/\",\"url\":\"https:\/\/www.kobes.sk\/de\/produkt\/orbitalschweissen-profi-kurs\/\",\"name\":\"Orbitalschwei\u00dfen PROFI Kurs\\u2028 - Kobes\",\"isPartOf\":{\"@id\":\"https:\/\/www.kobes.sk\/de\/#website\"},\"primaryImageOfPage\":{\"@id\":\"https:\/\/www.kobes.sk\/de\/produkt\/orbitalschweissen-profi-kurs\/#primaryimage\"},\"image\":{\"@id\":\"https:\/\/www.kobes.sk\/de\/produkt\/orbitalschweissen-profi-kurs\/#primaryimage\"},\"thumbnailUrl\":\"https:\/\/www.kobes.sk\/wp-content\/uploads\/2025\/03\/Orbital-Profi.webp\",\"datePublished\":\"2025-03-26T18:30:26+00:00\",\"dateModified\":\"2025-04-02T07:15:08+00:00\",\"description\":\"Sammeln Sie Erfahrungen im Schwei\u00dfen von Rohrbaugruppen! Lernen Sie, Messungen, Endoskopschwei\u00dfn\u00e4hte und Schwei\u00dfb\u00f6gen, T-St\u00fccke oder Flansche zu \u00fcberpr\u00fcfen.\",\"breadcrumb\":{\"@id\":\"https:\/\/www.kobes.sk\/de\/produkt\/orbitalschweissen-profi-kurs\/#breadcrumb\"},\"inLanguage\":\"de\",\"potentialAction\":[{\"@type\":\"ReadAction\",\"target\":[\"https:\/\/www.kobes.sk\/de\/produkt\/orbitalschweissen-profi-kurs\/\"]}]},{\"@type\":\"ImageObject\",\"inLanguage\":\"de\",\"@id\":\"https:\/\/www.kobes.sk\/de\/produkt\/orbitalschweissen-profi-kurs\/#primaryimage\",\"url\":\"https:\/\/www.kobes.sk\/wp-content\/uploads\/2025\/03\/Orbital-Profi.webp\",\"contentUrl\":\"https:\/\/www.kobes.sk\/wp-content\/uploads\/2025\/03\/Orbital-Profi.webp\",\"width\":940,\"height\":788,\"caption\":\"Orbitalschwei\u00dfen PROFI Kurs\\u2028\"},{\"@type\":\"BreadcrumbList\",\"@id\":\"https:\/\/www.kobes.sk\/de\/produkt\/orbitalschweissen-profi-kurs\/#breadcrumb\",\"itemListElement\":[{\"@type\":\"ListItem\",\"position\":1,\"name\":\"Domovsk\u00e1 str\u00e1nka\",\"item\":\"https:\/\/www.kobes.sk\/de\/uvod\/\"},{\"@type\":\"ListItem\",\"position\":2,\"name\":\"Obchod\",\"item\":\"https:\/\/www.kobes.sk\/obchod\/\"},{\"@type\":\"ListItem\",\"position\":3,\"name\":\"Orbitalschwei\u00dfen PROFI Kurs\\u2028\"}]},{\"@type\":\"WebSite\",\"@id\":\"https:\/\/www.kobes.sk\/de\/#website\",\"url\":\"https:\/\/www.kobes.sk\/de\/\",\"name\":\"Kobes\",\"description\":\"\",\"potentialAction\":[{\"@type\":\"SearchAction\",\"target\":{\"@type\":\"EntryPoint\",\"urlTemplate\":\"https:\/\/www.kobes.sk\/de\/?s={search_term_string}\"},\"query-input\":{\"@type\":\"PropertyValueSpecification\",\"valueRequired\":true,\"valueName\":\"search_term_string\"}}],\"inLanguage\":\"de\"}]}<\/script>\n<!-- \/ Yoast SEO plugin. -->","yoast_head_json":{"title":"Orbitalschwei\u00dfen PROFI Kurs\u2028 - Kobes","description":"Sammeln Sie Erfahrungen im Schwei\u00dfen von Rohrbaugruppen! Lernen Sie, Messungen, Endoskopschwei\u00dfn\u00e4hte und Schwei\u00dfb\u00f6gen, T-St\u00fccke oder Flansche zu \u00fcberpr\u00fcfen.","robots":{"index":"index","follow":"follow","max-snippet":"max-snippet:-1","max-image-preview":"max-image-preview:large","max-video-preview":"max-video-preview:-1"},"canonical":"https:\/\/www.kobes.sk\/de\/produkt\/orbitalschweissen-profi-kurs\/","og_locale":"de_DE","og_type":"article","og_title":"Orbitalschwei\u00dfen PROFI Kurs\u2028 - Kobes","og_description":"Sammeln Sie Erfahrungen im Schwei\u00dfen von Rohrbaugruppen! Lernen Sie, Messungen, Endoskopschwei\u00dfn\u00e4hte und Schwei\u00dfb\u00f6gen, T-St\u00fccke oder Flansche zu \u00fcberpr\u00fcfen.","og_url":"https:\/\/www.kobes.sk\/de\/produkt\/orbitalschweissen-profi-kurs\/","og_site_name":"Kobes","article_modified_time":"2025-04-02T07:15:08+00:00","og_image":[{"width":940,"height":788,"url":"https:\/\/www.kobes.sk\/wp-content\/uploads\/2025\/03\/Orbital-Profi.webp","type":"image\/webp"}],"twitter_card":"summary_large_image","twitter_misc":{"Gesch\u00e4tzte Lesezeit":"1\u00a0Minute"},"schema":{"@context":"https:\/\/schema.org","@graph":[{"@type":"WebPage","@id":"https:\/\/www.kobes.sk\/de\/produkt\/orbitalschweissen-profi-kurs\/","url":"https:\/\/www.kobes.sk\/de\/produkt\/orbitalschweissen-profi-kurs\/","name":"Orbitalschwei\u00dfen PROFI Kurs\u2028 - Kobes","isPartOf":{"@id":"https:\/\/www.kobes.sk\/de\/#website"},"primaryImageOfPage":{"@id":"https:\/\/www.kobes.sk\/de\/produkt\/orbitalschweissen-profi-kurs\/#primaryimage"},"image":{"@id":"https:\/\/www.kobes.sk\/de\/produkt\/orbitalschweissen-profi-kurs\/#primaryimage"},"thumbnailUrl":"https:\/\/www.kobes.sk\/wp-content\/uploads\/2025\/03\/Orbital-Profi.webp","datePublished":"2025-03-26T18:30:26+00:00","dateModified":"2025-04-02T07:15:08+00:00","description":"Sammeln Sie Erfahrungen im Schwei\u00dfen von Rohrbaugruppen! Lernen Sie, Messungen, Endoskopschwei\u00dfn\u00e4hte und Schwei\u00dfb\u00f6gen, T-St\u00fccke oder Flansche zu \u00fcberpr\u00fcfen.","breadcrumb":{"@id":"https:\/\/www.kobes.sk\/de\/produkt\/orbitalschweissen-profi-kurs\/#breadcrumb"},"inLanguage":"de","potentialAction":[{"@type":"ReadAction","target":["https:\/\/www.kobes.sk\/de\/produkt\/orbitalschweissen-profi-kurs\/"]}]},{"@type":"ImageObject","inLanguage":"de","@id":"https:\/\/www.kobes.sk\/de\/produkt\/orbitalschweissen-profi-kurs\/#primaryimage","url":"https:\/\/www.kobes.sk\/wp-content\/uploads\/2025\/03\/Orbital-Profi.webp","contentUrl":"https:\/\/www.kobes.sk\/wp-content\/uploads\/2025\/03\/Orbital-Profi.webp","width":940,"height":788,"caption":"Orbitalschwei\u00dfen PROFI Kurs\u2028"},{"@type":"BreadcrumbList","@id":"https:\/\/www.kobes.sk\/de\/produkt\/orbitalschweissen-profi-kurs\/#breadcrumb","itemListElement":[{"@type":"ListItem","position":1,"name":"Domovsk\u00e1 str\u00e1nka","item":"https:\/\/www.kobes.sk\/de\/uvod\/"},{"@type":"ListItem","position":2,"name":"Obchod","item":"https:\/\/www.kobes.sk\/obchod\/"},{"@type":"ListItem","position":3,"name":"Orbitalschwei\u00dfen PROFI Kurs\u2028"}]},{"@type":"WebSite","@id":"https:\/\/www.kobes.sk\/de\/#website","url":"https:\/\/www.kobes.sk\/de\/","name":"Kobes","description":"","potentialAction":[{"@type":"SearchAction","target":{"@type":"EntryPoint","urlTemplate":"https:\/\/www.kobes.sk\/de\/?s={search_term_string}"},"query-input":{"@type":"PropertyValueSpecification","valueRequired":true,"valueName":"search_term_string"}}],"inLanguage":"de"}]}},"_links":{"self":[{"href":"https:\/\/www.kobes.sk\/de\/wp-json\/wp\/v2\/product\/1826","targetHints":{"allow":["GET"]}}],"collection":[{"href":"https:\/\/www.kobes.sk\/de\/wp-json\/wp\/v2\/product"}],"about":[{"href":"https:\/\/www.kobes.sk\/de\/wp-json\/wp\/v2\/types\/product"}],"wp:featuredmedia":[{"embeddable":true,"href":"https:\/\/www.kobes.sk\/de\/wp-json\/wp\/v2\/media\/1673"}],"wp:attachment":[{"href":"https:\/\/www.kobes.sk\/de\/wp-json\/wp\/v2\/media?parent=1826"}],"wp:term":[{"taxonomy":"product_brand","embeddable":true,"href":"https:\/\/www.kobes.sk\/de\/wp-json\/wp\/v2\/product_brand?post=1826"},{"taxonomy":"product_cat","embeddable":true,"href":"https:\/\/www.kobes.sk\/de\/wp-json\/wp\/v2\/product_cat?post=1826"},{"taxonomy":"product_tag","embeddable":true,"href":"https:\/\/www.kobes.sk\/de\/wp-json\/wp\/v2\/product_tag?post=1826"}],"curies":[{"name":"wp","href":"https:\/\/api.w.org\/{rel}","templated":true}]}}