{"id":1828,"date":"2025-03-26T19:05:06","date_gmt":"2025-03-26T18:05:06","guid":{"rendered":"https:\/\/www.kobes.sk\/produkt\/schulung-fuer-plasma-und-autogenschneiden\/"},"modified":"2025-04-02T09:14:37","modified_gmt":"2025-04-02T07:14:37","slug":"schulung-fuer-plasma-und-autogenschneiden","status":"publish","type":"product","link":"https:\/\/www.kobes.sk\/de\/produkt\/schulung-fuer-plasma-und-autogenschneiden\/","title":{"rendered":"Schulung f\u00fcr Plasma- und Autogenschneiden\u2028"},"content":{"rendered":"","protected":false},"excerpt":{"rendered":"<p class=\"p1\">In diesem Kurs lernen die Teilnehmer die Grundlagen der Bedienung von Plasmaschneidern und Autogenbrennern.<br \/>\nWir zeigen, wie man pr\u00e4zise schneidet, das Ger\u00e4t richtig einstellt und Fehler bei der Arbeit vermeidet.<br \/>\nDiese Schulung ist in der metallverarbeitenden Industrie sehr gefragt und geh\u00f6rt zum Standard jedes erfahrenen Schlossers.<br \/>\nTeilnehmer erhalten eine ID-Karte \u00fcber die absolvierte Schulung sowie Handschuhe und unbegrenztes Material.<br \/>\n<b><\/b><\/p>\n<h3 class=\"p1\"><b>Preis ab:<\/b><\/h3>\n<p class=\"p1\">Kontaktieren Sie uns \u2013 wir bieten Ihnen den besten Preis am Markt. Rabatte bis zu 30 %!<\/p>\n","protected":false},"featured_media":1878,"template":"","meta":{"inline_featured_image":false},"product_brand":[],"product_cat":[31],"product_tag":[],"class_list":{"0":"post-1828","1":"product","2":"type-product","3":"status-publish","4":"has-post-thumbnail","6":"product_cat-kurse","8":"first","9":"instock","10":"sale","11":"virtual","12":"purchasable","13":"product-type-simple"},"yoast_head":"<!-- This site is optimized with the Yoast SEO plugin v24.8.1 - https:\/\/yoast.com\/wordpress\/plugins\/seo\/ -->\n<title>Schulung f\u00fcr Plasma- und Autogenschneiden\u2028 - Kobes<\/title>\n<meta name=\"description\" content=\"Lernen Sie pr\u00e4zises Schneiden mit Plasma und Autogen! Beherrschen Sie die richtige Einstellung des Ger\u00e4tes entsprechend der Materialst\u00e4rke und erhalten Sie einen Ausweis mit Zertifizierung. Eine unverzichtbare F\u00e4higkeit f\u00fcr Schlosser und Mechaniker!\" \/>\n<meta name=\"robots\" content=\"index, follow, max-snippet:-1, max-image-preview:large, max-video-preview:-1\" \/>\n<link rel=\"canonical\" href=\"https:\/\/www.kobes.sk\/de\/produkt\/schulung-fuer-plasma-und-autogenschneiden\/\" \/>\n<meta property=\"og:locale\" content=\"de_DE\" \/>\n<meta property=\"og:type\" content=\"article\" \/>\n<meta property=\"og:title\" content=\"Schulung f\u00fcr Plasma- und Autogenschneiden\u2028 - Kobes\" \/>\n<meta property=\"og:description\" content=\"Lernen Sie pr\u00e4zises Schneiden mit Plasma und Autogen! Beherrschen Sie die richtige Einstellung des Ger\u00e4tes entsprechend der Materialst\u00e4rke und erhalten Sie einen Ausweis mit Zertifizierung. Eine unverzichtbare F\u00e4higkeit f\u00fcr Schlosser und Mechaniker!\" \/>\n<meta property=\"og:url\" content=\"https:\/\/www.kobes.sk\/de\/produkt\/schulung-fuer-plasma-und-autogenschneiden\/\" \/>\n<meta property=\"og:site_name\" content=\"Kobes\" \/>\n<meta property=\"article:modified_time\" content=\"2025-04-02T07:14:37+00:00\" \/>\n<meta property=\"og:image\" content=\"https:\/\/www.kobes.sk\/wp-content\/uploads\/2025\/03\/7-1.webp\" \/>\n\t<meta property=\"og:image:width\" content=\"940\" \/>\n\t<meta property=\"og:image:height\" content=\"788\" \/>\n\t<meta property=\"og:image:type\" content=\"image\/webp\" \/>\n<meta name=\"twitter:card\" content=\"summary_large_image\" \/>\n<meta name=\"twitter:label1\" content=\"Gesch\u00e4tzte Lesezeit\" \/>\n\t<meta name=\"twitter:data1\" content=\"1\u00a0Minute\" \/>\n<script type=\"application\/ld+json\" class=\"yoast-schema-graph\">{\"@context\":\"https:\/\/schema.org\",\"@graph\":[{\"@type\":\"WebPage\",\"@id\":\"https:\/\/www.kobes.sk\/de\/produkt\/schulung-fuer-plasma-und-autogenschneiden\/\",\"url\":\"https:\/\/www.kobes.sk\/de\/produkt\/schulung-fuer-plasma-und-autogenschneiden\/\",\"name\":\"Schulung f\u00fcr Plasma- und Autogenschneiden\\u2028 - Kobes\",\"isPartOf\":{\"@id\":\"https:\/\/www.kobes.sk\/de\/#website\"},\"primaryImageOfPage\":{\"@id\":\"https:\/\/www.kobes.sk\/de\/produkt\/schulung-fuer-plasma-und-autogenschneiden\/#primaryimage\"},\"image\":{\"@id\":\"https:\/\/www.kobes.sk\/de\/produkt\/schulung-fuer-plasma-und-autogenschneiden\/#primaryimage\"},\"thumbnailUrl\":\"https:\/\/www.kobes.sk\/wp-content\/uploads\/2025\/03\/7-1.webp\",\"datePublished\":\"2025-03-26T18:05:06+00:00\",\"dateModified\":\"2025-04-02T07:14:37+00:00\",\"description\":\"Lernen Sie pr\u00e4zises Schneiden mit Plasma und Autogen! Beherrschen Sie die richtige Einstellung des Ger\u00e4tes entsprechend der Materialst\u00e4rke und erhalten Sie einen Ausweis mit Zertifizierung. Eine unverzichtbare F\u00e4higkeit f\u00fcr Schlosser und Mechaniker!\",\"breadcrumb\":{\"@id\":\"https:\/\/www.kobes.sk\/de\/produkt\/schulung-fuer-plasma-und-autogenschneiden\/#breadcrumb\"},\"inLanguage\":\"de\",\"potentialAction\":[{\"@type\":\"ReadAction\",\"target\":[\"https:\/\/www.kobes.sk\/de\/produkt\/schulung-fuer-plasma-und-autogenschneiden\/\"]}]},{\"@type\":\"ImageObject\",\"inLanguage\":\"de\",\"@id\":\"https:\/\/www.kobes.sk\/de\/produkt\/schulung-fuer-plasma-und-autogenschneiden\/#primaryimage\",\"url\":\"https:\/\/www.kobes.sk\/wp-content\/uploads\/2025\/03\/7-1.webp\",\"contentUrl\":\"https:\/\/www.kobes.sk\/wp-content\/uploads\/2025\/03\/7-1.webp\",\"width\":940,\"height\":788,\"caption\":\"Schulung f\u00fcr Plasma- und Autogenschneiden\"},{\"@type\":\"BreadcrumbList\",\"@id\":\"https:\/\/www.kobes.sk\/de\/produkt\/schulung-fuer-plasma-und-autogenschneiden\/#breadcrumb\",\"itemListElement\":[{\"@type\":\"ListItem\",\"position\":1,\"name\":\"Domovsk\u00e1 str\u00e1nka\",\"item\":\"https:\/\/www.kobes.sk\/de\/uvod\/\"},{\"@type\":\"ListItem\",\"position\":2,\"name\":\"Obchod\",\"item\":\"https:\/\/www.kobes.sk\/obchod\/\"},{\"@type\":\"ListItem\",\"position\":3,\"name\":\"Schulung f\u00fcr Plasma- und Autogenschneiden\\u2028\"}]},{\"@type\":\"WebSite\",\"@id\":\"https:\/\/www.kobes.sk\/de\/#website\",\"url\":\"https:\/\/www.kobes.sk\/de\/\",\"name\":\"Kobes\",\"description\":\"\",\"potentialAction\":[{\"@type\":\"SearchAction\",\"target\":{\"@type\":\"EntryPoint\",\"urlTemplate\":\"https:\/\/www.kobes.sk\/de\/?s={search_term_string}\"},\"query-input\":{\"@type\":\"PropertyValueSpecification\",\"valueRequired\":true,\"valueName\":\"search_term_string\"}}],\"inLanguage\":\"de\"}]}<\/script>\n<!-- \/ Yoast SEO plugin. -->","yoast_head_json":{"title":"Schulung f\u00fcr Plasma- und Autogenschneiden\u2028 - Kobes","description":"Lernen Sie pr\u00e4zises Schneiden mit Plasma und Autogen! Beherrschen Sie die richtige Einstellung des Ger\u00e4tes entsprechend der Materialst\u00e4rke und erhalten Sie einen Ausweis mit Zertifizierung. Eine unverzichtbare F\u00e4higkeit f\u00fcr Schlosser und Mechaniker!","robots":{"index":"index","follow":"follow","max-snippet":"max-snippet:-1","max-image-preview":"max-image-preview:large","max-video-preview":"max-video-preview:-1"},"canonical":"https:\/\/www.kobes.sk\/de\/produkt\/schulung-fuer-plasma-und-autogenschneiden\/","og_locale":"de_DE","og_type":"article","og_title":"Schulung f\u00fcr Plasma- und Autogenschneiden\u2028 - Kobes","og_description":"Lernen Sie pr\u00e4zises Schneiden mit Plasma und Autogen! Beherrschen Sie die richtige Einstellung des Ger\u00e4tes entsprechend der Materialst\u00e4rke und erhalten Sie einen Ausweis mit Zertifizierung. Eine unverzichtbare F\u00e4higkeit f\u00fcr Schlosser und Mechaniker!","og_url":"https:\/\/www.kobes.sk\/de\/produkt\/schulung-fuer-plasma-und-autogenschneiden\/","og_site_name":"Kobes","article_modified_time":"2025-04-02T07:14:37+00:00","og_image":[{"width":940,"height":788,"url":"https:\/\/www.kobes.sk\/wp-content\/uploads\/2025\/03\/7-1.webp","type":"image\/webp"}],"twitter_card":"summary_large_image","twitter_misc":{"Gesch\u00e4tzte Lesezeit":"1\u00a0Minute"},"schema":{"@context":"https:\/\/schema.org","@graph":[{"@type":"WebPage","@id":"https:\/\/www.kobes.sk\/de\/produkt\/schulung-fuer-plasma-und-autogenschneiden\/","url":"https:\/\/www.kobes.sk\/de\/produkt\/schulung-fuer-plasma-und-autogenschneiden\/","name":"Schulung f\u00fcr Plasma- und Autogenschneiden\u2028 - Kobes","isPartOf":{"@id":"https:\/\/www.kobes.sk\/de\/#website"},"primaryImageOfPage":{"@id":"https:\/\/www.kobes.sk\/de\/produkt\/schulung-fuer-plasma-und-autogenschneiden\/#primaryimage"},"image":{"@id":"https:\/\/www.kobes.sk\/de\/produkt\/schulung-fuer-plasma-und-autogenschneiden\/#primaryimage"},"thumbnailUrl":"https:\/\/www.kobes.sk\/wp-content\/uploads\/2025\/03\/7-1.webp","datePublished":"2025-03-26T18:05:06+00:00","dateModified":"2025-04-02T07:14:37+00:00","description":"Lernen Sie pr\u00e4zises Schneiden mit Plasma und Autogen! Beherrschen Sie die richtige Einstellung des Ger\u00e4tes entsprechend der Materialst\u00e4rke und erhalten Sie einen Ausweis mit Zertifizierung. Eine unverzichtbare F\u00e4higkeit f\u00fcr Schlosser und Mechaniker!","breadcrumb":{"@id":"https:\/\/www.kobes.sk\/de\/produkt\/schulung-fuer-plasma-und-autogenschneiden\/#breadcrumb"},"inLanguage":"de","potentialAction":[{"@type":"ReadAction","target":["https:\/\/www.kobes.sk\/de\/produkt\/schulung-fuer-plasma-und-autogenschneiden\/"]}]},{"@type":"ImageObject","inLanguage":"de","@id":"https:\/\/www.kobes.sk\/de\/produkt\/schulung-fuer-plasma-und-autogenschneiden\/#primaryimage","url":"https:\/\/www.kobes.sk\/wp-content\/uploads\/2025\/03\/7-1.webp","contentUrl":"https:\/\/www.kobes.sk\/wp-content\/uploads\/2025\/03\/7-1.webp","width":940,"height":788,"caption":"Schulung f\u00fcr Plasma- und Autogenschneiden"},{"@type":"BreadcrumbList","@id":"https:\/\/www.kobes.sk\/de\/produkt\/schulung-fuer-plasma-und-autogenschneiden\/#breadcrumb","itemListElement":[{"@type":"ListItem","position":1,"name":"Domovsk\u00e1 str\u00e1nka","item":"https:\/\/www.kobes.sk\/de\/uvod\/"},{"@type":"ListItem","position":2,"name":"Obchod","item":"https:\/\/www.kobes.sk\/obchod\/"},{"@type":"ListItem","position":3,"name":"Schulung f\u00fcr Plasma- und Autogenschneiden\u2028"}]},{"@type":"WebSite","@id":"https:\/\/www.kobes.sk\/de\/#website","url":"https:\/\/www.kobes.sk\/de\/","name":"Kobes","description":"","potentialAction":[{"@type":"SearchAction","target":{"@type":"EntryPoint","urlTemplate":"https:\/\/www.kobes.sk\/de\/?s={search_term_string}"},"query-input":{"@type":"PropertyValueSpecification","valueRequired":true,"valueName":"search_term_string"}}],"inLanguage":"de"}]}},"_links":{"self":[{"href":"https:\/\/www.kobes.sk\/de\/wp-json\/wp\/v2\/product\/1828","targetHints":{"allow":["GET"]}}],"collection":[{"href":"https:\/\/www.kobes.sk\/de\/wp-json\/wp\/v2\/product"}],"about":[{"href":"https:\/\/www.kobes.sk\/de\/wp-json\/wp\/v2\/types\/product"}],"wp:featuredmedia":[{"embeddable":true,"href":"https:\/\/www.kobes.sk\/de\/wp-json\/wp\/v2\/media\/1878"}],"wp:attachment":[{"href":"https:\/\/www.kobes.sk\/de\/wp-json\/wp\/v2\/media?parent=1828"}],"wp:term":[{"taxonomy":"product_brand","embeddable":true,"href":"https:\/\/www.kobes.sk\/de\/wp-json\/wp\/v2\/product_brand?post=1828"},{"taxonomy":"product_cat","embeddable":true,"href":"https:\/\/www.kobes.sk\/de\/wp-json\/wp\/v2\/product_cat?post=1828"},{"taxonomy":"product_tag","embeddable":true,"href":"https:\/\/www.kobes.sk\/de\/wp-json\/wp\/v2\/product_tag?post=1828"}],"curies":[{"name":"wp","href":"https:\/\/api.w.org\/{rel}","templated":true}]}}