{"id":1865,"date":"2025-04-02T08:11:01","date_gmt":"2025-04-02T06:11:01","guid":{"rendered":"https:\/\/www.kobes.sk\/produkt\/tandemschweissen\/"},"modified":"2025-04-02T09:15:17","modified_gmt":"2025-04-02T07:15:17","slug":"tandemschweissen","status":"publish","type":"product","link":"https:\/\/www.kobes.sk\/de\/produkt\/tandemschweissen\/","title":{"rendered":"Tandemschwei\u00dfen"},"content":{"rendered":"","protected":false},"excerpt":{"rendered":"<p>In diesem Kurs erlernt der Teilnehmer das Tandemschwei\u00dfen, das h\u00e4ufig beim Schwei\u00dfen von Beh\u00e4ltern und langen N\u00e4hten eingesetzt wird, die zu thermischer Verformung neigen.<br \/>\nDiese Schulung ist in der Maschinenbauindustrie sehr gefragt und geh\u00f6rt zum unverzichtbaren Wissen jedes erfahrenen TIG-Schwei\u00dfers.<br \/>\nDie Teilnehmer erhalten von uns Schutzhandschuhe und unbegrenztes \u00dcbungsmaterial.<\/p>\n<h4><b>Preis ab:<\/b><\/h4>\n<p>Kontaktieren Sie uns \u2013 wir bieten Ihnen den besten Preis auf dem Markt. Rabatte bis zu 30 %!<\/p>\n","protected":false},"featured_media":1866,"template":"","meta":{"inline_featured_image":false},"product_brand":[],"product_cat":[31],"product_tag":[],"class_list":{"0":"post-1865","1":"product","2":"type-product","3":"status-publish","4":"has-post-thumbnail","6":"product_cat-kurse","8":"first","9":"instock","10":"sale","11":"virtual","12":"purchasable","13":"product-type-simple"},"yoast_head":"<!-- This site is optimized with the Yoast SEO plugin v24.8.1 - https:\/\/yoast.com\/wordpress\/plugins\/seo\/ -->\n<title>Tandemschwei\u00dfen - Kobes<\/title>\n<meta name=\"description\" content=\"Lernen Sie, Tandemschwei\u00dfn\u00e4hte f\u00fcr Tanks und lange Verbindungen zu schwei\u00dfen. Erwerben Sie gefragte F\u00e4higkeiten in der Maschinenbaubranche und steigen Sie auf das Niveau eines erfahrenen WIG-Schwei\u00dfers auf.\" \/>\n<meta name=\"robots\" content=\"index, follow, max-snippet:-1, max-image-preview:large, max-video-preview:-1\" \/>\n<link rel=\"canonical\" href=\"https:\/\/www.kobes.sk\/de\/produkt\/tandemschweissen\/\" \/>\n<meta property=\"og:locale\" content=\"de_DE\" \/>\n<meta property=\"og:type\" content=\"article\" \/>\n<meta property=\"og:title\" content=\"Tandemschwei\u00dfen - Kobes\" \/>\n<meta property=\"og:description\" content=\"Lernen Sie, Tandemschwei\u00dfn\u00e4hte f\u00fcr Tanks und lange Verbindungen zu schwei\u00dfen. Erwerben Sie gefragte F\u00e4higkeiten in der Maschinenbaubranche und steigen Sie auf das Niveau eines erfahrenen WIG-Schwei\u00dfers auf.\" \/>\n<meta property=\"og:url\" content=\"https:\/\/www.kobes.sk\/de\/produkt\/tandemschweissen\/\" \/>\n<meta property=\"og:site_name\" content=\"Kobes\" \/>\n<meta property=\"article:modified_time\" content=\"2025-04-02T07:15:17+00:00\" \/>\n<meta property=\"og:image\" content=\"https:\/\/www.kobes.sk\/wp-content\/uploads\/2025\/04\/14-1.webp\" \/>\n\t<meta property=\"og:image:width\" content=\"940\" \/>\n\t<meta property=\"og:image:height\" content=\"788\" \/>\n\t<meta property=\"og:image:type\" content=\"image\/webp\" \/>\n<meta name=\"twitter:card\" content=\"summary_large_image\" \/>\n<meta name=\"twitter:label1\" content=\"Gesch\u00e4tzte Lesezeit\" \/>\n\t<meta name=\"twitter:data1\" content=\"1\u00a0Minute\" \/>\n<script type=\"application\/ld+json\" class=\"yoast-schema-graph\">{\"@context\":\"https:\/\/schema.org\",\"@graph\":[{\"@type\":\"WebPage\",\"@id\":\"https:\/\/www.kobes.sk\/de\/produkt\/tandemschweissen\/\",\"url\":\"https:\/\/www.kobes.sk\/de\/produkt\/tandemschweissen\/\",\"name\":\"Tandemschwei\u00dfen - Kobes\",\"isPartOf\":{\"@id\":\"https:\/\/www.kobes.sk\/de\/#website\"},\"primaryImageOfPage\":{\"@id\":\"https:\/\/www.kobes.sk\/de\/produkt\/tandemschweissen\/#primaryimage\"},\"image\":{\"@id\":\"https:\/\/www.kobes.sk\/de\/produkt\/tandemschweissen\/#primaryimage\"},\"thumbnailUrl\":\"https:\/\/www.kobes.sk\/wp-content\/uploads\/2025\/04\/14-1.webp\",\"datePublished\":\"2025-04-02T06:11:01+00:00\",\"dateModified\":\"2025-04-02T07:15:17+00:00\",\"description\":\"Lernen Sie, Tandemschwei\u00dfn\u00e4hte f\u00fcr Tanks und lange Verbindungen zu schwei\u00dfen. Erwerben Sie gefragte F\u00e4higkeiten in der Maschinenbaubranche und steigen Sie auf das Niveau eines erfahrenen WIG-Schwei\u00dfers auf.\",\"breadcrumb\":{\"@id\":\"https:\/\/www.kobes.sk\/de\/produkt\/tandemschweissen\/#breadcrumb\"},\"inLanguage\":\"de\",\"potentialAction\":[{\"@type\":\"ReadAction\",\"target\":[\"https:\/\/www.kobes.sk\/de\/produkt\/tandemschweissen\/\"]}]},{\"@type\":\"ImageObject\",\"inLanguage\":\"de\",\"@id\":\"https:\/\/www.kobes.sk\/de\/produkt\/tandemschweissen\/#primaryimage\",\"url\":\"https:\/\/www.kobes.sk\/wp-content\/uploads\/2025\/04\/14-1.webp\",\"contentUrl\":\"https:\/\/www.kobes.sk\/wp-content\/uploads\/2025\/04\/14-1.webp\",\"width\":940,\"height\":788,\"caption\":\"Tandemschwei\u00dfen\"},{\"@type\":\"BreadcrumbList\",\"@id\":\"https:\/\/www.kobes.sk\/de\/produkt\/tandemschweissen\/#breadcrumb\",\"itemListElement\":[{\"@type\":\"ListItem\",\"position\":1,\"name\":\"Domovsk\u00e1 str\u00e1nka\",\"item\":\"https:\/\/www.kobes.sk\/de\/uvod\/\"},{\"@type\":\"ListItem\",\"position\":2,\"name\":\"Obchod\",\"item\":\"https:\/\/www.kobes.sk\/obchod\/\"},{\"@type\":\"ListItem\",\"position\":3,\"name\":\"Tandemschwei\u00dfen\"}]},{\"@type\":\"WebSite\",\"@id\":\"https:\/\/www.kobes.sk\/de\/#website\",\"url\":\"https:\/\/www.kobes.sk\/de\/\",\"name\":\"Kobes\",\"description\":\"\",\"potentialAction\":[{\"@type\":\"SearchAction\",\"target\":{\"@type\":\"EntryPoint\",\"urlTemplate\":\"https:\/\/www.kobes.sk\/de\/?s={search_term_string}\"},\"query-input\":{\"@type\":\"PropertyValueSpecification\",\"valueRequired\":true,\"valueName\":\"search_term_string\"}}],\"inLanguage\":\"de\"}]}<\/script>\n<!-- \/ Yoast SEO plugin. -->","yoast_head_json":{"title":"Tandemschwei\u00dfen - Kobes","description":"Lernen Sie, Tandemschwei\u00dfn\u00e4hte f\u00fcr Tanks und lange Verbindungen zu schwei\u00dfen. Erwerben Sie gefragte F\u00e4higkeiten in der Maschinenbaubranche und steigen Sie auf das Niveau eines erfahrenen WIG-Schwei\u00dfers auf.","robots":{"index":"index","follow":"follow","max-snippet":"max-snippet:-1","max-image-preview":"max-image-preview:large","max-video-preview":"max-video-preview:-1"},"canonical":"https:\/\/www.kobes.sk\/de\/produkt\/tandemschweissen\/","og_locale":"de_DE","og_type":"article","og_title":"Tandemschwei\u00dfen - Kobes","og_description":"Lernen Sie, Tandemschwei\u00dfn\u00e4hte f\u00fcr Tanks und lange Verbindungen zu schwei\u00dfen. Erwerben Sie gefragte F\u00e4higkeiten in der Maschinenbaubranche und steigen Sie auf das Niveau eines erfahrenen WIG-Schwei\u00dfers auf.","og_url":"https:\/\/www.kobes.sk\/de\/produkt\/tandemschweissen\/","og_site_name":"Kobes","article_modified_time":"2025-04-02T07:15:17+00:00","og_image":[{"width":940,"height":788,"url":"https:\/\/www.kobes.sk\/wp-content\/uploads\/2025\/04\/14-1.webp","type":"image\/webp"}],"twitter_card":"summary_large_image","twitter_misc":{"Gesch\u00e4tzte Lesezeit":"1\u00a0Minute"},"schema":{"@context":"https:\/\/schema.org","@graph":[{"@type":"WebPage","@id":"https:\/\/www.kobes.sk\/de\/produkt\/tandemschweissen\/","url":"https:\/\/www.kobes.sk\/de\/produkt\/tandemschweissen\/","name":"Tandemschwei\u00dfen - Kobes","isPartOf":{"@id":"https:\/\/www.kobes.sk\/de\/#website"},"primaryImageOfPage":{"@id":"https:\/\/www.kobes.sk\/de\/produkt\/tandemschweissen\/#primaryimage"},"image":{"@id":"https:\/\/www.kobes.sk\/de\/produkt\/tandemschweissen\/#primaryimage"},"thumbnailUrl":"https:\/\/www.kobes.sk\/wp-content\/uploads\/2025\/04\/14-1.webp","datePublished":"2025-04-02T06:11:01+00:00","dateModified":"2025-04-02T07:15:17+00:00","description":"Lernen Sie, Tandemschwei\u00dfn\u00e4hte f\u00fcr Tanks und lange Verbindungen zu schwei\u00dfen. Erwerben Sie gefragte F\u00e4higkeiten in der Maschinenbaubranche und steigen Sie auf das Niveau eines erfahrenen WIG-Schwei\u00dfers auf.","breadcrumb":{"@id":"https:\/\/www.kobes.sk\/de\/produkt\/tandemschweissen\/#breadcrumb"},"inLanguage":"de","potentialAction":[{"@type":"ReadAction","target":["https:\/\/www.kobes.sk\/de\/produkt\/tandemschweissen\/"]}]},{"@type":"ImageObject","inLanguage":"de","@id":"https:\/\/www.kobes.sk\/de\/produkt\/tandemschweissen\/#primaryimage","url":"https:\/\/www.kobes.sk\/wp-content\/uploads\/2025\/04\/14-1.webp","contentUrl":"https:\/\/www.kobes.sk\/wp-content\/uploads\/2025\/04\/14-1.webp","width":940,"height":788,"caption":"Tandemschwei\u00dfen"},{"@type":"BreadcrumbList","@id":"https:\/\/www.kobes.sk\/de\/produkt\/tandemschweissen\/#breadcrumb","itemListElement":[{"@type":"ListItem","position":1,"name":"Domovsk\u00e1 str\u00e1nka","item":"https:\/\/www.kobes.sk\/de\/uvod\/"},{"@type":"ListItem","position":2,"name":"Obchod","item":"https:\/\/www.kobes.sk\/obchod\/"},{"@type":"ListItem","position":3,"name":"Tandemschwei\u00dfen"}]},{"@type":"WebSite","@id":"https:\/\/www.kobes.sk\/de\/#website","url":"https:\/\/www.kobes.sk\/de\/","name":"Kobes","description":"","potentialAction":[{"@type":"SearchAction","target":{"@type":"EntryPoint","urlTemplate":"https:\/\/www.kobes.sk\/de\/?s={search_term_string}"},"query-input":{"@type":"PropertyValueSpecification","valueRequired":true,"valueName":"search_term_string"}}],"inLanguage":"de"}]}},"_links":{"self":[{"href":"https:\/\/www.kobes.sk\/de\/wp-json\/wp\/v2\/product\/1865","targetHints":{"allow":["GET"]}}],"collection":[{"href":"https:\/\/www.kobes.sk\/de\/wp-json\/wp\/v2\/product"}],"about":[{"href":"https:\/\/www.kobes.sk\/de\/wp-json\/wp\/v2\/types\/product"}],"wp:featuredmedia":[{"embeddable":true,"href":"https:\/\/www.kobes.sk\/de\/wp-json\/wp\/v2\/media\/1866"}],"wp:attachment":[{"href":"https:\/\/www.kobes.sk\/de\/wp-json\/wp\/v2\/media?parent=1865"}],"wp:term":[{"taxonomy":"product_brand","embeddable":true,"href":"https:\/\/www.kobes.sk\/de\/wp-json\/wp\/v2\/product_brand?post=1865"},{"taxonomy":"product_cat","embeddable":true,"href":"https:\/\/www.kobes.sk\/de\/wp-json\/wp\/v2\/product_cat?post=1865"},{"taxonomy":"product_tag","embeddable":true,"href":"https:\/\/www.kobes.sk\/de\/wp-json\/wp\/v2\/product_tag?post=1865"}],"curies":[{"name":"wp","href":"https:\/\/api.w.org\/{rel}","templated":true}]}}