{"id":2969,"date":"2025-11-07T11:26:01","date_gmt":"2025-11-07T10:26:01","guid":{"rendered":"https:\/\/www.kobes.sk\/produkt\/kurz-ndt\/"},"modified":"2025-11-07T11:47:43","modified_gmt":"2025-11-07T10:47:43","slug":"kurz-ndt","status":"publish","type":"product","link":"https:\/\/www.kobes.sk\/en\/produkt\/kurz-ndt\/","title":{"rendered":"Course NDT"},"content":{"rendered":"","protected":false},"excerpt":{"rendered":"<p data-start=\"0\" data-end=\"551\">\ud83d\udd27 <strong data-start=\"3\" data-end=\"81\">VT-2 \/ PT-2 \/ MT-2 \u2013 Course in Non-Destructive Testing of Metal Structures<\/strong><br data-start=\"81\" data-end=\"84\" \/>In this course, participants will learn advanced methods of non-destructive testing of welds and metal structures \u2013 Visual Testing (VT-2), Penetrant Testing (PT-2), and Magnetic Particle Testing (MT-2).<br data-start=\"286\" data-end=\"289\" \/>They will acquire practical skills in identifying surface and subsurface defects, using color and fluorescent penetrants, and applying magnetization techniques. The course also includes the correct evaluation of results in accordance with applicable standards.<\/p>\n<p data-start=\"553\" data-end=\"837\">This type of training is highly sought after in industries where precision and quality are essential \u2013 particularly in engineering, energy, food, and pharmaceutical sectors.<br data-start=\"726\" data-end=\"729\" \/>Each participant will receive protective gloves and an unlimited amount of material for hands-on practice.<\/p>\n<p data-start=\"839\" data-end=\"946\" data-is-last-node=\"\" data-is-only-node=\"\">\ud83d\udcb0 <strong data-start=\"842\" data-end=\"857\">Price from:<\/strong><br data-start=\"857\" data-end=\"860\" \/>Contact us and we\u2019ll offer you the best price on the market \u2014 discounts up to <strong data-start=\"938\" data-end=\"945\">30%<\/strong>!<\/p>\n","protected":false},"featured_media":2967,"template":"","meta":{"inline_featured_image":false},"product_brand":[],"product_cat":[30],"product_tag":[],"class_list":{"0":"post-2969","1":"product","2":"type-product","3":"status-publish","4":"has-post-thumbnail","6":"product_cat-courses","8":"first","9":"instock","10":"sale","11":"virtual","12":"purchasable","13":"product-type-simple"},"yoast_head":"<!-- This site is optimized with the Yoast SEO plugin v24.8.1 - https:\/\/yoast.com\/wordpress\/plugins\/seo\/ -->\n<title>Course NDT - Kobes<\/title>\n<meta name=\"description\" content=\"Nau\u010dte sa zv\u00e1ra\u0165 pozi\u010dn\u00e9 zvary \u2013 k\u013e\u00fa\u010dov\u00fa zru\u010dnos\u0165 pre TIG zv\u00e1ra\u010dov v potravin\u00e1rskom a farmaceutickom priemysle. Z\u013eavy a\u017e do 30 %!\" \/>\n<meta name=\"robots\" content=\"index, follow, max-snippet:-1, max-image-preview:large, max-video-preview:-1\" \/>\n<link rel=\"canonical\" href=\"https:\/\/www.kobes.sk\/en\/produkt\/kurz-ndt\/\" \/>\n<meta property=\"og:locale\" content=\"en_US\" \/>\n<meta property=\"og:type\" content=\"article\" \/>\n<meta property=\"og:title\" content=\"Course NDT - Kobes\" \/>\n<meta property=\"og:description\" content=\"Nau\u010dte sa zv\u00e1ra\u0165 pozi\u010dn\u00e9 zvary \u2013 k\u013e\u00fa\u010dov\u00fa zru\u010dnos\u0165 pre TIG zv\u00e1ra\u010dov v potravin\u00e1rskom a farmaceutickom priemysle. Z\u013eavy a\u017e do 30 %!\" \/>\n<meta property=\"og:url\" content=\"https:\/\/www.kobes.sk\/en\/produkt\/kurz-ndt\/\" \/>\n<meta property=\"og:site_name\" content=\"Kobes\" \/>\n<meta property=\"article:modified_time\" content=\"2025-11-07T10:47:43+00:00\" \/>\n<meta property=\"og:image\" content=\"https:\/\/www.kobes.sk\/wp-content\/uploads\/2025\/11\/Kurz-NDT.jpeg\" \/>\n\t<meta property=\"og:image:width\" content=\"940\" \/>\n\t<meta property=\"og:image:height\" content=\"788\" \/>\n\t<meta property=\"og:image:type\" content=\"image\/jpeg\" \/>\n<meta name=\"twitter:card\" content=\"summary_large_image\" \/>\n<meta name=\"twitter:label1\" content=\"Est. reading time\" \/>\n\t<meta name=\"twitter:data1\" content=\"1 minute\" \/>\n<script type=\"application\/ld+json\" class=\"yoast-schema-graph\">{\"@context\":\"https:\/\/schema.org\",\"@graph\":[{\"@type\":\"WebPage\",\"@id\":\"https:\/\/www.kobes.sk\/en\/produkt\/kurz-ndt\/\",\"url\":\"https:\/\/www.kobes.sk\/en\/produkt\/kurz-ndt\/\",\"name\":\"Course NDT - Kobes\",\"isPartOf\":{\"@id\":\"https:\/\/www.kobes.sk\/en\/#website\"},\"primaryImageOfPage\":{\"@id\":\"https:\/\/www.kobes.sk\/en\/produkt\/kurz-ndt\/#primaryimage\"},\"image\":{\"@id\":\"https:\/\/www.kobes.sk\/en\/produkt\/kurz-ndt\/#primaryimage\"},\"thumbnailUrl\":\"https:\/\/www.kobes.sk\/wp-content\/uploads\/2025\/11\/Kurz-NDT.jpeg\",\"datePublished\":\"2025-11-07T10:26:01+00:00\",\"dateModified\":\"2025-11-07T10:47:43+00:00\",\"description\":\"Nau\u010dte sa zv\u00e1ra\u0165 pozi\u010dn\u00e9 zvary \u2013 k\u013e\u00fa\u010dov\u00fa zru\u010dnos\u0165 pre TIG zv\u00e1ra\u010dov v potravin\u00e1rskom a farmaceutickom priemysle. Z\u013eavy a\u017e do 30 %!\",\"breadcrumb\":{\"@id\":\"https:\/\/www.kobes.sk\/en\/produkt\/kurz-ndt\/#breadcrumb\"},\"inLanguage\":\"en-US\",\"potentialAction\":[{\"@type\":\"ReadAction\",\"target\":[\"https:\/\/www.kobes.sk\/en\/produkt\/kurz-ndt\/\"]}]},{\"@type\":\"ImageObject\",\"inLanguage\":\"en-US\",\"@id\":\"https:\/\/www.kobes.sk\/en\/produkt\/kurz-ndt\/#primaryimage\",\"url\":\"https:\/\/www.kobes.sk\/wp-content\/uploads\/2025\/11\/Kurz-NDT.jpeg\",\"contentUrl\":\"https:\/\/www.kobes.sk\/wp-content\/uploads\/2025\/11\/Kurz-NDT.jpeg\",\"width\":940,\"height\":788},{\"@type\":\"BreadcrumbList\",\"@id\":\"https:\/\/www.kobes.sk\/en\/produkt\/kurz-ndt\/#breadcrumb\",\"itemListElement\":[{\"@type\":\"ListItem\",\"position\":1,\"name\":\"Domovsk\u00e1 str\u00e1nka\",\"item\":\"https:\/\/www.kobes.sk\/en\/uvod\/\"},{\"@type\":\"ListItem\",\"position\":2,\"name\":\"Obchod\",\"item\":\"https:\/\/www.kobes.sk\/obchod\/\"},{\"@type\":\"ListItem\",\"position\":3,\"name\":\"Course NDT\"}]},{\"@type\":\"WebSite\",\"@id\":\"https:\/\/www.kobes.sk\/en\/#website\",\"url\":\"https:\/\/www.kobes.sk\/en\/\",\"name\":\"Kobes\",\"description\":\"\",\"potentialAction\":[{\"@type\":\"SearchAction\",\"target\":{\"@type\":\"EntryPoint\",\"urlTemplate\":\"https:\/\/www.kobes.sk\/en\/?s={search_term_string}\"},\"query-input\":{\"@type\":\"PropertyValueSpecification\",\"valueRequired\":true,\"valueName\":\"search_term_string\"}}],\"inLanguage\":\"en-US\"}]}<\/script>\n<!-- \/ Yoast SEO plugin. -->","yoast_head_json":{"title":"Course NDT - Kobes","description":"Nau\u010dte sa zv\u00e1ra\u0165 pozi\u010dn\u00e9 zvary \u2013 k\u013e\u00fa\u010dov\u00fa zru\u010dnos\u0165 pre TIG zv\u00e1ra\u010dov v potravin\u00e1rskom a farmaceutickom priemysle. Z\u013eavy a\u017e do 30 %!","robots":{"index":"index","follow":"follow","max-snippet":"max-snippet:-1","max-image-preview":"max-image-preview:large","max-video-preview":"max-video-preview:-1"},"canonical":"https:\/\/www.kobes.sk\/en\/produkt\/kurz-ndt\/","og_locale":"en_US","og_type":"article","og_title":"Course NDT - Kobes","og_description":"Nau\u010dte sa zv\u00e1ra\u0165 pozi\u010dn\u00e9 zvary \u2013 k\u013e\u00fa\u010dov\u00fa zru\u010dnos\u0165 pre TIG zv\u00e1ra\u010dov v potravin\u00e1rskom a farmaceutickom priemysle. Z\u013eavy a\u017e do 30 %!","og_url":"https:\/\/www.kobes.sk\/en\/produkt\/kurz-ndt\/","og_site_name":"Kobes","article_modified_time":"2025-11-07T10:47:43+00:00","og_image":[{"width":940,"height":788,"url":"https:\/\/www.kobes.sk\/wp-content\/uploads\/2025\/11\/Kurz-NDT.jpeg","type":"image\/jpeg"}],"twitter_card":"summary_large_image","twitter_misc":{"Est. reading time":"1 minute"},"schema":{"@context":"https:\/\/schema.org","@graph":[{"@type":"WebPage","@id":"https:\/\/www.kobes.sk\/en\/produkt\/kurz-ndt\/","url":"https:\/\/www.kobes.sk\/en\/produkt\/kurz-ndt\/","name":"Course NDT - Kobes","isPartOf":{"@id":"https:\/\/www.kobes.sk\/en\/#website"},"primaryImageOfPage":{"@id":"https:\/\/www.kobes.sk\/en\/produkt\/kurz-ndt\/#primaryimage"},"image":{"@id":"https:\/\/www.kobes.sk\/en\/produkt\/kurz-ndt\/#primaryimage"},"thumbnailUrl":"https:\/\/www.kobes.sk\/wp-content\/uploads\/2025\/11\/Kurz-NDT.jpeg","datePublished":"2025-11-07T10:26:01+00:00","dateModified":"2025-11-07T10:47:43+00:00","description":"Nau\u010dte sa zv\u00e1ra\u0165 pozi\u010dn\u00e9 zvary \u2013 k\u013e\u00fa\u010dov\u00fa zru\u010dnos\u0165 pre TIG zv\u00e1ra\u010dov v potravin\u00e1rskom a farmaceutickom priemysle. Z\u013eavy a\u017e do 30 %!","breadcrumb":{"@id":"https:\/\/www.kobes.sk\/en\/produkt\/kurz-ndt\/#breadcrumb"},"inLanguage":"en-US","potentialAction":[{"@type":"ReadAction","target":["https:\/\/www.kobes.sk\/en\/produkt\/kurz-ndt\/"]}]},{"@type":"ImageObject","inLanguage":"en-US","@id":"https:\/\/www.kobes.sk\/en\/produkt\/kurz-ndt\/#primaryimage","url":"https:\/\/www.kobes.sk\/wp-content\/uploads\/2025\/11\/Kurz-NDT.jpeg","contentUrl":"https:\/\/www.kobes.sk\/wp-content\/uploads\/2025\/11\/Kurz-NDT.jpeg","width":940,"height":788},{"@type":"BreadcrumbList","@id":"https:\/\/www.kobes.sk\/en\/produkt\/kurz-ndt\/#breadcrumb","itemListElement":[{"@type":"ListItem","position":1,"name":"Domovsk\u00e1 str\u00e1nka","item":"https:\/\/www.kobes.sk\/en\/uvod\/"},{"@type":"ListItem","position":2,"name":"Obchod","item":"https:\/\/www.kobes.sk\/obchod\/"},{"@type":"ListItem","position":3,"name":"Course NDT"}]},{"@type":"WebSite","@id":"https:\/\/www.kobes.sk\/en\/#website","url":"https:\/\/www.kobes.sk\/en\/","name":"Kobes","description":"","potentialAction":[{"@type":"SearchAction","target":{"@type":"EntryPoint","urlTemplate":"https:\/\/www.kobes.sk\/en\/?s={search_term_string}"},"query-input":{"@type":"PropertyValueSpecification","valueRequired":true,"valueName":"search_term_string"}}],"inLanguage":"en-US"}]}},"_links":{"self":[{"href":"https:\/\/www.kobes.sk\/en\/wp-json\/wp\/v2\/product\/2969","targetHints":{"allow":["GET"]}}],"collection":[{"href":"https:\/\/www.kobes.sk\/en\/wp-json\/wp\/v2\/product"}],"about":[{"href":"https:\/\/www.kobes.sk\/en\/wp-json\/wp\/v2\/types\/product"}],"wp:featuredmedia":[{"embeddable":true,"href":"https:\/\/www.kobes.sk\/en\/wp-json\/wp\/v2\/media\/2967"}],"wp:attachment":[{"href":"https:\/\/www.kobes.sk\/en\/wp-json\/wp\/v2\/media?parent=2969"}],"wp:term":[{"taxonomy":"product_brand","embeddable":true,"href":"https:\/\/www.kobes.sk\/en\/wp-json\/wp\/v2\/product_brand?post=2969"},{"taxonomy":"product_cat","embeddable":true,"href":"https:\/\/www.kobes.sk\/en\/wp-json\/wp\/v2\/product_cat?post=2969"},{"taxonomy":"product_tag","embeddable":true,"href":"https:\/\/www.kobes.sk\/en\/wp-json\/wp\/v2\/product_tag?post=2969"}],"curies":[{"name":"wp","href":"https:\/\/api.w.org\/{rel}","templated":true}]}}